{"id":13532,"date":"2025-10-25T12:43:28","date_gmt":"2025-10-25T10:43:28","guid":{"rendered":"https:\/\/olecanarias.com\/shop\/brand\/crucero-privado-en-un-yate-deportivo-para-un-maximo-de-10-personas\/"},"modified":"2025-10-25T12:43:28","modified_gmt":"2025-10-25T10:43:28","slug":"crucero-privado-en-un-yate-deportivo-para-un-maximo-de-10-personas","status":"publish","type":"product","link":"https:\/\/olecanarias.com\/es\/shop\/grancanaria1\/crucero-privado-en-un-yate-deportivo-para-un-maximo-de-10-personas\/","title":{"rendered":"Crucero privado en un yate deportivo para un m\u00e1ximo de 10 personas"},"content":{"rendered":"<p>Lleva a tus amigos y familiares a un crucero privado \u00fanico en un \u00edntimo yate deportivo por la costa sur de Gran Canaria. Es una forma estupenda de pasar tiempo con tus seres queridos. <\/p>\n<h2>Crucero en yate privado: \u00bfc\u00f3mo es el viaje?<\/h2>\n<p>Partir\u00e1s del puerto de Puerto Rico, adonde puedes llegar por tu cuenta o podemos organizarte el transporte desde los hoteles del sur de la isla. Embarcar\u00e1s en el elegante yate <b>Sunseeker Tomahawk 41<\/b>, una embarcaci\u00f3n de 13 metros dise\u00f1ada para la velocidad y el confort. <\/p>\n<p>Recorrer\u00e1s la costa acantilada del sur de Gran Canaria admirando el espectacular paisaje y las calas escondidas, antes de hacer una parada para divertirte en el agua: nadar, saltar al agua, bucear (m\u00e1scaras y tubos disponibles en el barco) y un sol\u00e1rium flotante.<\/p>\n<p>Tambi\u00e9n comer\u00e1s tentempi\u00e9s frescos preparados por el personal durante tu <strong>crucero privado en yate<\/strong>. Tambi\u00e9n dispondr\u00e1s en todo momento de bebidas ilimitadas: agua, bebidas fr\u00edas, cerveza y sangr\u00eda. <\/p>\n<p>El crucero discurre a una velocidad media de 9-10 nudos y est\u00e1 dise\u00f1ado para un m\u00e1ximo de 10 personas, ideal para parejas, grupos de amigos o familias.<\/p>\n<p>\u00bfTe apetece m\u00e1s adrenalina? Aprovecha las actividades extra disponibles durante tu crucero &#8211; moto acu\u00e1tica, sof\u00e1 loco o parasailing &#8211; con un coste adicional. <\/p>\n<p>Lleno de emoci\u00f3n, regresar\u00e1s a tu punto de partida: el puerto de Puerto Rico. Puedes regresar con nosotros a tu hotel o quedarte en Puerto Rico para pasear por el paseo mar\u00edtimo de esta encantadora ciudad. <\/p>\n<h2><strong>Crucero privado Gran Canaria<\/strong> &#8211; precio<\/h2>\n<p>A bordo puede haber m\u00e1x. 10 personas. <\/p>\n<p>Precio para 8 personas &#8211; 600 euros<\/p>\n<p>Por cada persona adicional, 45 euros m\u00e1s.<\/p>\n<p>Marca el n\u00famero de personas que corresponda en el formulario de reserva.<\/p>\n<p>&nbsp;<\/p>\n<p>&nbsp;<\/p>\n","protected":false},"excerpt":{"rendered":"<p>Lleva a tus amigos y familiares a un crucero privado \u00fanico en un \u00edntimo yate deportivo por la costa sur de Gran Canaria. Es una forma estupenda de pasar tiempo con tus seres queridos. Crucero en yate privado: \u00bfc\u00f3mo es el viaje? Partir\u00e1s del puerto de Puerto Rico, adonde puedes llegar por tu cuenta o [&hellip;]<\/p>\n","protected":false},"featured_media":13244,"template":"","meta":{"_acf_changed":false},"product_brand":[1213],"product_cat":[1347,1383,1384],"product_tag":[],"class_list":{"0":"post-13532","1":"product","2":"type-product","3":"status-publish","4":"has-post-thumbnail","6":"product_brand-grancanaria1","7":"product_cat-todas-las-atracciones","8":"product_cat-cruceros","9":"product_cat-premium","11":"first","12":"instock","13":"virtual","14":"sold-individually","15":"purchasable","16":"product-type-booking"},"acf":[],"yoast_head":"<!-- This site is optimized with the Yoast SEO plugin v26.0 - https:\/\/yoast.com\/wordpress\/plugins\/seo\/ -->\n<title>Crucero en yate privado Gran Canaria | OleCanarias<\/title>\n<meta name=\"description\" content=\"Un crucero privado en yate en Gran Canaria es una gran opci\u00f3n para un grupo. Si est\u00e1s planeando unas vacaciones en Gran Canaria con amigos o familia, \u00e9sta es la opci\u00f3n que buscas.\" \/>\n<meta name=\"robots\" content=\"index, follow, max-snippet:-1, max-image-preview:large, max-video-preview:-1\" \/>\n<link rel=\"canonical\" href=\"https:\/\/olecanarias.com\/es\/shop\/grancanaria1\/crucero-privado-en-un-yate-deportivo-para-un-maximo-de-10-personas\/\" \/>\n<meta property=\"og:locale\" content=\"es_ES\" \/>\n<meta property=\"og:type\" content=\"article\" \/>\n<meta property=\"og:title\" content=\"Crucero en yate privado Gran Canaria | OleCanarias\" \/>\n<meta property=\"og:description\" content=\"Un crucero privado en yate en Gran Canaria es una gran opci\u00f3n para un grupo. Si est\u00e1s planeando unas vacaciones en Gran Canaria con amigos o familia, \u00e9sta es la opci\u00f3n que buscas.\" \/>\n<meta property=\"og:url\" content=\"https:\/\/olecanarias.com\/es\/shop\/grancanaria1\/crucero-privado-en-un-yate-deportivo-para-un-maximo-de-10-personas\/\" \/>\n<meta property=\"og:site_name\" content=\"Ole Canarias! Wyspy Kanaryjskie - atrakcje i wycieczki\" \/>\n<meta property=\"article:publisher\" content=\"https:\/\/www.facebook.com\/atrakcjenateneryfie\" \/>\n<meta property=\"og:image\" content=\"https:\/\/olecanarias.com\/wp-content\/uploads\/2025\/10\/prywatny-rejs-jachtem-gran-canaria.jpg\" \/>\n\t<meta property=\"og:image:width\" content=\"1080\" \/>\n\t<meta property=\"og:image:height\" content=\"1350\" \/>\n\t<meta property=\"og:image:type\" content=\"image\/jpeg\" \/>\n<meta name=\"twitter:card\" content=\"summary_large_image\" \/>\n<meta name=\"twitter:label1\" content=\"Tiempo de lectura\" \/>\n\t<meta name=\"twitter:data1\" content=\"2 minutos\" \/>\n<script type=\"application\/ld+json\" class=\"yoast-schema-graph\">{\"@context\":\"https:\/\/schema.org\",\"@graph\":[{\"@type\":\"WebPage\",\"@id\":\"https:\/\/olecanarias.com\/es\/shop\/grancanaria1\/crucero-privado-en-un-yate-deportivo-para-un-maximo-de-10-personas\/\",\"url\":\"https:\/\/olecanarias.com\/es\/shop\/grancanaria1\/crucero-privado-en-un-yate-deportivo-para-un-maximo-de-10-personas\/\",\"name\":\"Crucero en yate privado Gran Canaria | OleCanarias\",\"isPartOf\":{\"@id\":\"https:\/\/olecanarias.com\/es\/#website\"},\"primaryImageOfPage\":{\"@id\":\"https:\/\/olecanarias.com\/es\/shop\/grancanaria1\/crucero-privado-en-un-yate-deportivo-para-un-maximo-de-10-personas\/#primaryimage\"},\"image\":{\"@id\":\"https:\/\/olecanarias.com\/es\/shop\/grancanaria1\/crucero-privado-en-un-yate-deportivo-para-un-maximo-de-10-personas\/#primaryimage\"},\"thumbnailUrl\":\"https:\/\/olecanarias.com\/wp-content\/uploads\/2025\/10\/prywatny-rejs-jachtem-gran-canaria.jpg\",\"datePublished\":\"2025-10-25T10:43:28+00:00\",\"description\":\"Un crucero privado en yate en Gran Canaria es una gran opci\u00f3n para un grupo. Si est\u00e1s planeando unas vacaciones en Gran Canaria con amigos o familia, \u00e9sta es la opci\u00f3n que buscas.\",\"breadcrumb\":{\"@id\":\"https:\/\/olecanarias.com\/es\/shop\/grancanaria1\/crucero-privado-en-un-yate-deportivo-para-un-maximo-de-10-personas\/#breadcrumb\"},\"inLanguage\":\"es\",\"potentialAction\":[{\"@type\":\"ReadAction\",\"target\":[\"https:\/\/olecanarias.com\/es\/shop\/grancanaria1\/crucero-privado-en-un-yate-deportivo-para-un-maximo-de-10-personas\/\"]}]},{\"@type\":\"ImageObject\",\"inLanguage\":\"es\",\"@id\":\"https:\/\/olecanarias.com\/es\/shop\/grancanaria1\/crucero-privado-en-un-yate-deportivo-para-un-maximo-de-10-personas\/#primaryimage\",\"url\":\"https:\/\/olecanarias.com\/wp-content\/uploads\/2025\/10\/prywatny-rejs-jachtem-gran-canaria.jpg\",\"contentUrl\":\"https:\/\/olecanarias.com\/wp-content\/uploads\/2025\/10\/prywatny-rejs-jachtem-gran-canaria.jpg\",\"width\":1080,\"height\":1350,\"caption\":\"crucero privado en yate por gran canaria\"},{\"@type\":\"BreadcrumbList\",\"@id\":\"https:\/\/olecanarias.com\/es\/shop\/grancanaria1\/crucero-privado-en-un-yate-deportivo-para-un-maximo-de-10-personas\/#breadcrumb\",\"itemListElement\":[{\"@type\":\"ListItem\",\"position\":1,\"name\":\"OleCanarias.com\",\"item\":\"https:\/\/olecanarias.com\/es\/\"},{\"@type\":\"ListItem\",\"position\":2,\"name\":\"Productos\",\"item\":\"https:\/\/olecanarias.com\/es\/shop\/\"},{\"@type\":\"ListItem\",\"position\":3,\"name\":\"Crucero privado en un yate deportivo para un m\u00e1ximo de 10 personas\"}]},{\"@type\":\"WebSite\",\"@id\":\"https:\/\/olecanarias.com\/es\/#website\",\"url\":\"https:\/\/olecanarias.com\/es\/\",\"name\":\"Ole Tenerife!\",\"description\":\"Wszystkie atrakcje i wycieczki na Wyspach Kanaryjskich w jednym miejscu\",\"alternateName\":\"OleTenerife!\",\"potentialAction\":[{\"@type\":\"SearchAction\",\"target\":{\"@type\":\"EntryPoint\",\"urlTemplate\":\"https:\/\/olecanarias.com\/es\/?s={search_term_string}\"},\"query-input\":{\"@type\":\"PropertyValueSpecification\",\"valueRequired\":true,\"valueName\":\"search_term_string\"}}],\"inLanguage\":\"es\"}]}<\/script>\n<!-- \/ Yoast SEO plugin. -->","yoast_head_json":{"title":"Crucero en yate privado Gran Canaria | OleCanarias","description":"Un crucero privado en yate en Gran Canaria es una gran opci\u00f3n para un grupo. Si est\u00e1s planeando unas vacaciones en Gran Canaria con amigos o familia, \u00e9sta es la opci\u00f3n que buscas.","robots":{"index":"index","follow":"follow","max-snippet":"max-snippet:-1","max-image-preview":"max-image-preview:large","max-video-preview":"max-video-preview:-1"},"canonical":"https:\/\/olecanarias.com\/es\/shop\/grancanaria1\/crucero-privado-en-un-yate-deportivo-para-un-maximo-de-10-personas\/","og_locale":"es_ES","og_type":"article","og_title":"Crucero en yate privado Gran Canaria | OleCanarias","og_description":"Un crucero privado en yate en Gran Canaria es una gran opci\u00f3n para un grupo. Si est\u00e1s planeando unas vacaciones en Gran Canaria con amigos o familia, \u00e9sta es la opci\u00f3n que buscas.","og_url":"https:\/\/olecanarias.com\/es\/shop\/grancanaria1\/crucero-privado-en-un-yate-deportivo-para-un-maximo-de-10-personas\/","og_site_name":"Ole Canarias! Wyspy Kanaryjskie - atrakcje i wycieczki","article_publisher":"https:\/\/www.facebook.com\/atrakcjenateneryfie","og_image":[{"width":1080,"height":1350,"url":"https:\/\/olecanarias.com\/wp-content\/uploads\/2025\/10\/prywatny-rejs-jachtem-gran-canaria.jpg","type":"image\/jpeg"}],"twitter_card":"summary_large_image","twitter_misc":{"Tiempo de lectura":"2 minutos"},"schema":{"@context":"https:\/\/schema.org","@graph":[{"@type":"WebPage","@id":"https:\/\/olecanarias.com\/es\/shop\/grancanaria1\/crucero-privado-en-un-yate-deportivo-para-un-maximo-de-10-personas\/","url":"https:\/\/olecanarias.com\/es\/shop\/grancanaria1\/crucero-privado-en-un-yate-deportivo-para-un-maximo-de-10-personas\/","name":"Crucero en yate privado Gran Canaria | OleCanarias","isPartOf":{"@id":"https:\/\/olecanarias.com\/es\/#website"},"primaryImageOfPage":{"@id":"https:\/\/olecanarias.com\/es\/shop\/grancanaria1\/crucero-privado-en-un-yate-deportivo-para-un-maximo-de-10-personas\/#primaryimage"},"image":{"@id":"https:\/\/olecanarias.com\/es\/shop\/grancanaria1\/crucero-privado-en-un-yate-deportivo-para-un-maximo-de-10-personas\/#primaryimage"},"thumbnailUrl":"https:\/\/olecanarias.com\/wp-content\/uploads\/2025\/10\/prywatny-rejs-jachtem-gran-canaria.jpg","datePublished":"2025-10-25T10:43:28+00:00","description":"Un crucero privado en yate en Gran Canaria es una gran opci\u00f3n para un grupo. Si est\u00e1s planeando unas vacaciones en Gran Canaria con amigos o familia, \u00e9sta es la opci\u00f3n que buscas.","breadcrumb":{"@id":"https:\/\/olecanarias.com\/es\/shop\/grancanaria1\/crucero-privado-en-un-yate-deportivo-para-un-maximo-de-10-personas\/#breadcrumb"},"inLanguage":"es","potentialAction":[{"@type":"ReadAction","target":["https:\/\/olecanarias.com\/es\/shop\/grancanaria1\/crucero-privado-en-un-yate-deportivo-para-un-maximo-de-10-personas\/"]}]},{"@type":"ImageObject","inLanguage":"es","@id":"https:\/\/olecanarias.com\/es\/shop\/grancanaria1\/crucero-privado-en-un-yate-deportivo-para-un-maximo-de-10-personas\/#primaryimage","url":"https:\/\/olecanarias.com\/wp-content\/uploads\/2025\/10\/prywatny-rejs-jachtem-gran-canaria.jpg","contentUrl":"https:\/\/olecanarias.com\/wp-content\/uploads\/2025\/10\/prywatny-rejs-jachtem-gran-canaria.jpg","width":1080,"height":1350,"caption":"crucero privado en yate por gran canaria"},{"@type":"BreadcrumbList","@id":"https:\/\/olecanarias.com\/es\/shop\/grancanaria1\/crucero-privado-en-un-yate-deportivo-para-un-maximo-de-10-personas\/#breadcrumb","itemListElement":[{"@type":"ListItem","position":1,"name":"OleCanarias.com","item":"https:\/\/olecanarias.com\/es\/"},{"@type":"ListItem","position":2,"name":"Productos","item":"https:\/\/olecanarias.com\/es\/shop\/"},{"@type":"ListItem","position":3,"name":"Crucero privado en un yate deportivo para un m\u00e1ximo de 10 personas"}]},{"@type":"WebSite","@id":"https:\/\/olecanarias.com\/es\/#website","url":"https:\/\/olecanarias.com\/es\/","name":"Ole Tenerife!","description":"Wszystkie atrakcje i wycieczki na Wyspach Kanaryjskich w jednym miejscu","alternateName":"OleTenerife!","potentialAction":[{"@type":"SearchAction","target":{"@type":"EntryPoint","urlTemplate":"https:\/\/olecanarias.com\/es\/?s={search_term_string}"},"query-input":{"@type":"PropertyValueSpecification","valueRequired":true,"valueName":"search_term_string"}}],"inLanguage":"es"}]}},"_links":{"self":[{"href":"https:\/\/olecanarias.com\/es\/wp-json\/wp\/v2\/product\/13532","targetHints":{"allow":["GET"]}}],"collection":[{"href":"https:\/\/olecanarias.com\/es\/wp-json\/wp\/v2\/product"}],"about":[{"href":"https:\/\/olecanarias.com\/es\/wp-json\/wp\/v2\/types\/product"}],"wp:featuredmedia":[{"embeddable":true,"href":"https:\/\/olecanarias.com\/es\/wp-json\/wp\/v2\/media\/13244"}],"wp:attachment":[{"href":"https:\/\/olecanarias.com\/es\/wp-json\/wp\/v2\/media?parent=13532"}],"wp:term":[{"taxonomy":"product_brand","embeddable":true,"href":"https:\/\/olecanarias.com\/es\/wp-json\/wp\/v2\/product_brand?post=13532"},{"taxonomy":"product_cat","embeddable":true,"href":"https:\/\/olecanarias.com\/es\/wp-json\/wp\/v2\/product_cat?post=13532"},{"taxonomy":"product_tag","embeddable":true,"href":"https:\/\/olecanarias.com\/es\/wp-json\/wp\/v2\/product_tag?post=13532"}],"curies":[{"name":"wp","href":"https:\/\/api.w.org\/{rel}","templated":true}]}}