{"id":13534,"date":"2025-10-23T20:54:42","date_gmt":"2025-10-23T18:54:42","guid":{"rendered":"https:\/\/olecanarias.com\/shop\/brand\/crucero-en-yate-pequeno-max-12-personas-4h\/"},"modified":"2025-10-23T20:54:42","modified_gmt":"2025-10-23T18:54:42","slug":"crucero-en-yate-pequeno-max-12-personas-4h","status":"publish","type":"product","link":"https:\/\/olecanarias.com\/es\/shop\/grancanaria1\/crucero-en-yate-pequeno-max-12-personas-4h\/","title":{"rendered":"Crucero en yate peque\u00f1o m\u00e1x. 12 personas 4h"},"content":{"rendered":"<p>\u00a1Rel\u00e1jate a bordo de un peque\u00f1o yate con un grupo \u00edntimo de hasta 12 pasajeros! <strong>Un crucero en yate en Gran Canaria<\/strong> en su m\u00e1xima expresi\u00f3n. Hermosas vistas, un servicio de alto nivel, refrescos y mucha diversi\u00f3n. <\/p>\n<h2>Un crucero en yate por Gran Canaria: \u00bfc\u00f3mo es el viaje?<\/h2>\n<p>Durante el crucero, adem\u00e1s de disfrutar de las magn\u00edficas vistas de la costa sur de Gran Canaria, podr\u00e1s disfrutar de tu bebida favorita (con o sin alcohol), comer bocadillos frescos y nadar en el Oc\u00e9ano Atl\u00e1ntico. Tambi\u00e9n podr\u00e1s hacer uso del equipo de snorkel disponible a bordo. <\/p>\n<p>Y para los que busquen m\u00e1s emoci\u00f3n, durante el crucero podr\u00e1s disfrutar de extras opcionales (coste adicional) como jet ski (motos acu\u00e1ticas) o parasailing (vuelo en paraca\u00eddas detr\u00e1s de una lancha motora).<\/p>\n<p>Pero, sobre todo, <strong>un crucero en yate por Gran Canaria<\/strong> es un momento para relajarse y ver la isla desde el Oc\u00e9ano.<\/p>\n<h2>\u00bfDe d\u00f3nde partimos?<\/h2>\n<p>La excursi\u00f3n comienza en el puerto de Puerto Rico, desde donde nos dirigimos hacia la fabulosa playa de Veneguera y la bah\u00eda de El Perchel, donde haremos una parada para realizar actividades acu\u00e1ticas y nadar. Durante esta parada, existe la posibilidad de disfrutar de deportes acu\u00e1ticos adicionales, como moto acu\u00e1tica o parasailing, con un coste adicional. <\/p>\n<p>Tras el frenes\u00ed acu\u00e1tico, es hora de un tentempi\u00e9: un delicioso aperitivo preparado por la tripulaci\u00f3n con ingredientes locales frescos.<\/p>\n<p>Despu\u00e9s de la comida, es hora de emprender el viaje de vuelta, durante el cual pasaremos por la bah\u00eda de Mog\u00e1n, la hermosa playa de Tauro y la impresionante costa acantilada de Tirita\u00f1a , donde podr\u00e1s hacer fotos espectaculares.<\/p>\n<p>Terminamos el crucero en el punto de partida: en Puerto Rico.<\/p>\n<p>Puedes volver con nosotros al hotel o quedarte para dar un paseo por el paseo mar\u00edtimo y cenar en los encantadores restaurantes de los alrededores de Puerto Rico y tambi\u00e9n visitar una de las playas de la zona, la Playa de los Enamorados o la Playa de los Amadores.<\/p>\n","protected":false},"excerpt":{"rendered":"<p>\u00a1Rel\u00e1jate a bordo de un peque\u00f1o yate con un grupo \u00edntimo de hasta 12 pasajeros! Un crucero en yate en Gran Canaria en su m\u00e1xima expresi\u00f3n. Hermosas vistas, un servicio de alto nivel, refrescos y mucha diversi\u00f3n. Un crucero en yate por Gran Canaria: \u00bfc\u00f3mo es el viaje? Durante el crucero, adem\u00e1s de disfrutar de [&hellip;]<\/p>\n","protected":false},"featured_media":13139,"template":"","meta":{"_acf_changed":false},"product_brand":[1213],"product_cat":[1347,1383,1384],"product_tag":[1396,1390,1394,1353,1398,1351,1349,1357,1363,1392],"class_list":{"0":"post-13534","1":"product","2":"type-product","3":"status-publish","4":"has-post-thumbnail","6":"product_brand-grancanaria1","7":"product_cat-todas-las-atracciones","8":"product_cat-cruceros","9":"product_cat-premium","10":"product_tag-atracciones-de-gran-canaria","11":"product_tag-crucero-en-yate-por-gran-canaria","12":"product_tag-crucero-gran-canaria","13":"product_tag-gran-canaria","14":"product_tag-gran-canaria-que-hacer","15":"product_tag-ole-canarias","16":"product_tag-olecanarias","17":"product_tag-vacaciones-en-gran-canaria","18":"product_tag-vacaciones-en-gran-canaria-2","19":"product_tag-viaje-en-yate-a-gran-canaria","21":"first","22":"instock","23":"virtual","24":"sold-individually","25":"purchasable","26":"product-type-booking"},"acf":[],"yoast_head":"<!-- This site is optimized with the Yoast SEO plugin v26.0 - https:\/\/yoast.com\/wordpress\/plugins\/seo\/ -->\n<title>Crucero en yate peque\u00f1o m\u00e1x. 12 personas 4h - OleCanarias | Gran Canaria<\/title>\n<meta name=\"description\" content=\"Un \u00edntimo crucero en yate por Gran Canaria: s\u00f3lo 12 personas a bordo. La combinaci\u00f3n perfecta de relajaci\u00f3n y diversi\u00f3n.\" \/>\n<meta name=\"robots\" content=\"index, follow, max-snippet:-1, max-image-preview:large, max-video-preview:-1\" \/>\n<link rel=\"canonical\" href=\"https:\/\/olecanarias.com\/es\/shop\/grancanaria1\/crucero-en-yate-pequeno-max-12-personas-4h\/\" \/>\n<meta property=\"og:locale\" content=\"es_ES\" \/>\n<meta property=\"og:type\" content=\"article\" \/>\n<meta property=\"og:title\" content=\"Crucero en yate peque\u00f1o m\u00e1x. 12 personas 4h - OleCanarias | Gran Canaria\" \/>\n<meta property=\"og:description\" content=\"Un \u00edntimo crucero en yate por Gran Canaria: s\u00f3lo 12 personas a bordo. La combinaci\u00f3n perfecta de relajaci\u00f3n y diversi\u00f3n.\" \/>\n<meta property=\"og:url\" content=\"https:\/\/olecanarias.com\/es\/shop\/grancanaria1\/crucero-en-yate-pequeno-max-12-personas-4h\/\" \/>\n<meta property=\"og:site_name\" content=\"Ole Canarias! Wyspy Kanaryjskie - atrakcje i wycieczki\" \/>\n<meta property=\"article:publisher\" content=\"https:\/\/www.facebook.com\/atrakcjenateneryfie\" \/>\n<meta property=\"og:image\" content=\"https:\/\/olecanarias.com\/wp-content\/uploads\/2025\/10\/gran-canaria-rejs.jpg\" \/>\n\t<meta property=\"og:image:width\" content=\"960\" \/>\n\t<meta property=\"og:image:height\" content=\"1200\" \/>\n\t<meta property=\"og:image:type\" content=\"image\/jpeg\" \/>\n<meta name=\"twitter:card\" content=\"summary_large_image\" \/>\n<meta name=\"twitter:label1\" content=\"Tiempo de lectura\" \/>\n\t<meta name=\"twitter:data1\" content=\"2 minutos\" \/>\n<script type=\"application\/ld+json\" class=\"yoast-schema-graph\">{\"@context\":\"https:\/\/schema.org\",\"@graph\":[{\"@type\":\"WebPage\",\"@id\":\"https:\/\/olecanarias.com\/es\/shop\/grancanaria1\/crucero-en-yate-pequeno-max-12-personas-4h\/\",\"url\":\"https:\/\/olecanarias.com\/es\/shop\/grancanaria1\/crucero-en-yate-pequeno-max-12-personas-4h\/\",\"name\":\"Crucero en yate peque\u00f1o m\u00e1x. 12 personas 4h - OleCanarias | Gran Canaria\",\"isPartOf\":{\"@id\":\"https:\/\/olecanarias.com\/es\/#website\"},\"primaryImageOfPage\":{\"@id\":\"https:\/\/olecanarias.com\/es\/shop\/grancanaria1\/crucero-en-yate-pequeno-max-12-personas-4h\/#primaryimage\"},\"image\":{\"@id\":\"https:\/\/olecanarias.com\/es\/shop\/grancanaria1\/crucero-en-yate-pequeno-max-12-personas-4h\/#primaryimage\"},\"thumbnailUrl\":\"https:\/\/olecanarias.com\/wp-content\/uploads\/2025\/10\/gran-canaria-rejs.jpg\",\"datePublished\":\"2025-10-23T18:54:42+00:00\",\"description\":\"Un \u00edntimo crucero en yate por Gran Canaria: s\u00f3lo 12 personas a bordo. La combinaci\u00f3n perfecta de relajaci\u00f3n y diversi\u00f3n.\",\"breadcrumb\":{\"@id\":\"https:\/\/olecanarias.com\/es\/shop\/grancanaria1\/crucero-en-yate-pequeno-max-12-personas-4h\/#breadcrumb\"},\"inLanguage\":\"es\",\"potentialAction\":[{\"@type\":\"ReadAction\",\"target\":[\"https:\/\/olecanarias.com\/es\/shop\/grancanaria1\/crucero-en-yate-pequeno-max-12-personas-4h\/\"]}]},{\"@type\":\"ImageObject\",\"inLanguage\":\"es\",\"@id\":\"https:\/\/olecanarias.com\/es\/shop\/grancanaria1\/crucero-en-yate-pequeno-max-12-personas-4h\/#primaryimage\",\"url\":\"https:\/\/olecanarias.com\/wp-content\/uploads\/2025\/10\/gran-canaria-rejs.jpg\",\"contentUrl\":\"https:\/\/olecanarias.com\/wp-content\/uploads\/2025\/10\/gran-canaria-rejs.jpg\",\"width\":960,\"height\":1200,\"caption\":\"Crucero en yate por Gran Canaria\"},{\"@type\":\"BreadcrumbList\",\"@id\":\"https:\/\/olecanarias.com\/es\/shop\/grancanaria1\/crucero-en-yate-pequeno-max-12-personas-4h\/#breadcrumb\",\"itemListElement\":[{\"@type\":\"ListItem\",\"position\":1,\"name\":\"OleCanarias.com\",\"item\":\"https:\/\/olecanarias.com\/es\/\"},{\"@type\":\"ListItem\",\"position\":2,\"name\":\"Productos\",\"item\":\"https:\/\/olecanarias.com\/es\/shop\/\"},{\"@type\":\"ListItem\",\"position\":3,\"name\":\"Crucero en yate peque\u00f1o m\u00e1x. 12 personas 4h\"}]},{\"@type\":\"WebSite\",\"@id\":\"https:\/\/olecanarias.com\/es\/#website\",\"url\":\"https:\/\/olecanarias.com\/es\/\",\"name\":\"Ole Tenerife!\",\"description\":\"Wszystkie atrakcje i wycieczki na Wyspach Kanaryjskich w jednym miejscu\",\"alternateName\":\"OleTenerife!\",\"potentialAction\":[{\"@type\":\"SearchAction\",\"target\":{\"@type\":\"EntryPoint\",\"urlTemplate\":\"https:\/\/olecanarias.com\/es\/?s={search_term_string}\"},\"query-input\":{\"@type\":\"PropertyValueSpecification\",\"valueRequired\":true,\"valueName\":\"search_term_string\"}}],\"inLanguage\":\"es\"}]}<\/script>\n<!-- \/ Yoast SEO plugin. -->","yoast_head_json":{"title":"Crucero en yate peque\u00f1o m\u00e1x. 12 personas 4h - OleCanarias | Gran Canaria","description":"Un \u00edntimo crucero en yate por Gran Canaria: s\u00f3lo 12 personas a bordo. La combinaci\u00f3n perfecta de relajaci\u00f3n y diversi\u00f3n.","robots":{"index":"index","follow":"follow","max-snippet":"max-snippet:-1","max-image-preview":"max-image-preview:large","max-video-preview":"max-video-preview:-1"},"canonical":"https:\/\/olecanarias.com\/es\/shop\/grancanaria1\/crucero-en-yate-pequeno-max-12-personas-4h\/","og_locale":"es_ES","og_type":"article","og_title":"Crucero en yate peque\u00f1o m\u00e1x. 12 personas 4h - OleCanarias | Gran Canaria","og_description":"Un \u00edntimo crucero en yate por Gran Canaria: s\u00f3lo 12 personas a bordo. La combinaci\u00f3n perfecta de relajaci\u00f3n y diversi\u00f3n.","og_url":"https:\/\/olecanarias.com\/es\/shop\/grancanaria1\/crucero-en-yate-pequeno-max-12-personas-4h\/","og_site_name":"Ole Canarias! Wyspy Kanaryjskie - atrakcje i wycieczki","article_publisher":"https:\/\/www.facebook.com\/atrakcjenateneryfie","og_image":[{"width":960,"height":1200,"url":"https:\/\/olecanarias.com\/wp-content\/uploads\/2025\/10\/gran-canaria-rejs.jpg","type":"image\/jpeg"}],"twitter_card":"summary_large_image","twitter_misc":{"Tiempo de lectura":"2 minutos"},"schema":{"@context":"https:\/\/schema.org","@graph":[{"@type":"WebPage","@id":"https:\/\/olecanarias.com\/es\/shop\/grancanaria1\/crucero-en-yate-pequeno-max-12-personas-4h\/","url":"https:\/\/olecanarias.com\/es\/shop\/grancanaria1\/crucero-en-yate-pequeno-max-12-personas-4h\/","name":"Crucero en yate peque\u00f1o m\u00e1x. 12 personas 4h - OleCanarias | Gran Canaria","isPartOf":{"@id":"https:\/\/olecanarias.com\/es\/#website"},"primaryImageOfPage":{"@id":"https:\/\/olecanarias.com\/es\/shop\/grancanaria1\/crucero-en-yate-pequeno-max-12-personas-4h\/#primaryimage"},"image":{"@id":"https:\/\/olecanarias.com\/es\/shop\/grancanaria1\/crucero-en-yate-pequeno-max-12-personas-4h\/#primaryimage"},"thumbnailUrl":"https:\/\/olecanarias.com\/wp-content\/uploads\/2025\/10\/gran-canaria-rejs.jpg","datePublished":"2025-10-23T18:54:42+00:00","description":"Un \u00edntimo crucero en yate por Gran Canaria: s\u00f3lo 12 personas a bordo. La combinaci\u00f3n perfecta de relajaci\u00f3n y diversi\u00f3n.","breadcrumb":{"@id":"https:\/\/olecanarias.com\/es\/shop\/grancanaria1\/crucero-en-yate-pequeno-max-12-personas-4h\/#breadcrumb"},"inLanguage":"es","potentialAction":[{"@type":"ReadAction","target":["https:\/\/olecanarias.com\/es\/shop\/grancanaria1\/crucero-en-yate-pequeno-max-12-personas-4h\/"]}]},{"@type":"ImageObject","inLanguage":"es","@id":"https:\/\/olecanarias.com\/es\/shop\/grancanaria1\/crucero-en-yate-pequeno-max-12-personas-4h\/#primaryimage","url":"https:\/\/olecanarias.com\/wp-content\/uploads\/2025\/10\/gran-canaria-rejs.jpg","contentUrl":"https:\/\/olecanarias.com\/wp-content\/uploads\/2025\/10\/gran-canaria-rejs.jpg","width":960,"height":1200,"caption":"Crucero en yate por Gran Canaria"},{"@type":"BreadcrumbList","@id":"https:\/\/olecanarias.com\/es\/shop\/grancanaria1\/crucero-en-yate-pequeno-max-12-personas-4h\/#breadcrumb","itemListElement":[{"@type":"ListItem","position":1,"name":"OleCanarias.com","item":"https:\/\/olecanarias.com\/es\/"},{"@type":"ListItem","position":2,"name":"Productos","item":"https:\/\/olecanarias.com\/es\/shop\/"},{"@type":"ListItem","position":3,"name":"Crucero en yate peque\u00f1o m\u00e1x. 12 personas 4h"}]},{"@type":"WebSite","@id":"https:\/\/olecanarias.com\/es\/#website","url":"https:\/\/olecanarias.com\/es\/","name":"Ole Tenerife!","description":"Wszystkie atrakcje i wycieczki na Wyspach Kanaryjskich w jednym miejscu","alternateName":"OleTenerife!","potentialAction":[{"@type":"SearchAction","target":{"@type":"EntryPoint","urlTemplate":"https:\/\/olecanarias.com\/es\/?s={search_term_string}"},"query-input":{"@type":"PropertyValueSpecification","valueRequired":true,"valueName":"search_term_string"}}],"inLanguage":"es"}]}},"_links":{"self":[{"href":"https:\/\/olecanarias.com\/es\/wp-json\/wp\/v2\/product\/13534","targetHints":{"allow":["GET"]}}],"collection":[{"href":"https:\/\/olecanarias.com\/es\/wp-json\/wp\/v2\/product"}],"about":[{"href":"https:\/\/olecanarias.com\/es\/wp-json\/wp\/v2\/types\/product"}],"wp:featuredmedia":[{"embeddable":true,"href":"https:\/\/olecanarias.com\/es\/wp-json\/wp\/v2\/media\/13139"}],"wp:attachment":[{"href":"https:\/\/olecanarias.com\/es\/wp-json\/wp\/v2\/media?parent=13534"}],"wp:term":[{"taxonomy":"product_brand","embeddable":true,"href":"https:\/\/olecanarias.com\/es\/wp-json\/wp\/v2\/product_brand?post=13534"},{"taxonomy":"product_cat","embeddable":true,"href":"https:\/\/olecanarias.com\/es\/wp-json\/wp\/v2\/product_cat?post=13534"},{"taxonomy":"product_tag","embeddable":true,"href":"https:\/\/olecanarias.com\/es\/wp-json\/wp\/v2\/product_tag?post=13534"}],"curies":[{"name":"wp","href":"https:\/\/api.w.org\/{rel}","templated":true}]}}