{"id":13539,"date":"2025-10-21T23:34:54","date_gmt":"2025-10-21T21:34:54","guid":{"rendered":"https:\/\/olecanarias.com\/shop\/brand\/4h-de-crucero-en-catamaran-bebidas-y-snorkel-incluidos-en-el-precio\/"},"modified":"2025-10-21T23:34:54","modified_gmt":"2025-10-21T21:34:54","slug":"4h-de-crucero-en-catamaran-bebidas-y-snorkel-incluidos-en-el-precio","status":"publish","type":"product","link":"https:\/\/olecanarias.com\/es\/shop\/grancanaria1\/4h-de-crucero-en-catamaran-bebidas-y-snorkel-incluidos-en-el-precio\/","title":{"rendered":"4h de crucero en catamar\u00e1n &#8211; bebidas y snorkel incluidos en el precio"},"content":{"rendered":"<p>Un crucero en catamar\u00e1n por <strong>Gran<\/strong> Canaria: imagina una agradable brisa en la cara, sol, saltar al agua desde la cubierta y hermosas vistas de la costa. As\u00ed podr\u00eda ser tu d\u00eda. Gran Canaria es un lugar estupendo para hacer un crucero. Acomp\u00e1\u00f1anos en <b>un inolvidable viaje de 4 horas en un moderno y confortable catamar\u00e1n <\/b>.     <\/p>\n<h2><b>C\u00f3mo es el recorrido<\/b><\/h2>\n<p>Zarparemos del puerto de <b>Puerto<\/b> Rico, rumbo a las espectaculares y solitarias playas de Veneguera o Tirita\u00f1a, conocidas por su <b>naturaleza virgen y su tranquilidad<\/b>.<\/p>\n<p>Durante el crucero habr\u00e1 tiempo para hacer snorkel (hay m\u00e1scaras y tubos disponibles a bordo), nadar en el oc\u00e9ano, relajarse en la cubierta del catamar\u00e1n o tomar el sol en nuestro sol\u00e1rium flotante. Tambi\u00e9n se sirve un delicioso almuerzo durante el crucero: paella, patatas canarias con salsa, ensalada y fruta de temporada. Tambi\u00e9n se ofrecen bebidas ilimitadas durante todo el crucero: vino, cerveza, cava -vino espumoso canario- y refrescos incluidos en el precio.  <\/p>\n<p>Durante el crucero, si tienes suerte, podr\u00e1s ver delfines, tortugas y peces voladores, aunque \u00e9ste no es el objetivo principal del viaje. Es un momento para relajarse, divertirse y disfrutar de las vistas. <\/p>\n<p>El personal s\u00faper simp\u00e1tico (en ingl\u00e9s y espa\u00f1ol) estar\u00e1 a tu disposici\u00f3n en todo momento para asegurarse de que no te pierdas nada.<\/p>\n<p>\u00a1Vive un d\u00eda m\u00e1gico y descubre <b>la belleza de la costa de Gran Canaria! <\/b> <\/p>\n<h2><b>\u00bfD\u00f3nde tiene lugar el recorrido?<\/b><\/h2>\n<p>El crucero en catamar\u00e1n sale del puerto de Puerto Rico a las 10.00 h. Recuerda llegar unos 20 minutos antes, <\/p>\n<p>Te indicaremos la hora exacta de recogida en tu billete. Para los que viven en el sur (Playa Ingl\u00e9s, Maspalomas, Mog\u00e1n), hay disponible un servicio gratuito de transporte desde tu hotel o alrededores &#8211; si necesitas transporte, indica esta opci\u00f3n en el formulario de pedido. <\/p>\n<p><b>Recepci\u00f3n:<\/b><\/p>\n<ul>\n<li aria-level=\"1\">Posible transporte desde Playa Ingles, Maspalomas, Mogan &#8211; haznos saber desde donde necesitas el traslado.<\/li>\n<\/ul>\n","protected":false},"excerpt":{"rendered":"<p>Un crucero en catamar\u00e1n por Gran Canaria: imagina una agradable brisa en la cara, sol, saltar al agua desde la cubierta y hermosas vistas de la costa. As\u00ed podr\u00eda ser tu d\u00eda. Gran Canaria es un lugar estupendo para hacer un crucero. Acomp\u00e1\u00f1anos en un inolvidable viaje de 4 horas en un moderno y confortable [&hellip;]<\/p>\n","protected":false},"featured_media":13186,"template":"","meta":{"_acf_changed":false},"product_brand":[1213],"product_cat":[1347,1383,1384],"product_tag":[1396,1419,1420,1421,1394,1418,1359,1361,1351,1349,1363,1357],"class_list":{"0":"post-13539","1":"product","2":"type-product","3":"status-publish","4":"has-post-thumbnail","6":"product_brand-grancanaria1","7":"product_cat-todas-las-atracciones","8":"product_cat-cruceros","9":"product_cat-premium","10":"product_tag-atracciones-de-gran-canaria","11":"product_tag-atracciones-en-gran-canaria","12":"product_tag-catamaran-gran-canaria","13":"product_tag-crucero-en-catamaran-por-gran-canaria","14":"product_tag-crucero-gran-canaria","15":"product_tag-cruceros-gran-canaria","16":"product_tag-excursiones-en-gran-canaria","17":"product_tag-gran-canaria-olecanarias","18":"product_tag-ole-canarias","19":"product_tag-olecanarias","20":"product_tag-vacaciones-en-gran-canaria-2","21":"product_tag-vacaciones-en-gran-canaria","23":"first","24":"instock","25":"virtual","26":"sold-individually","27":"purchasable","28":"product-type-booking"},"acf":[],"yoast_head":"<!-- This site is optimized with the Yoast SEO plugin v26.0 - https:\/\/yoast.com\/wordpress\/plugins\/seo\/ -->\n<title>Gran Canaria - Crucero en catamar\u00e1n de 4 horas | OleCanarias<\/title>\n<meta name=\"description\" content=\"Haz un crucero en catamar\u00e1n de 4 horas: la opci\u00f3n perfecta para relajarte, divertirte un poco, disfrutar de una deliciosa paella espa\u00f1ola y admirar las vistas.\" \/>\n<meta name=\"robots\" content=\"index, follow, max-snippet:-1, max-image-preview:large, max-video-preview:-1\" \/>\n<link rel=\"canonical\" href=\"https:\/\/olecanarias.com\/es\/shop\/grancanaria1\/4h-de-crucero-en-catamaran-bebidas-y-snorkel-incluidos-en-el-precio\/\" \/>\n<meta property=\"og:locale\" content=\"es_ES\" \/>\n<meta property=\"og:type\" content=\"article\" \/>\n<meta property=\"og:title\" content=\"Gran Canaria - Crucero en catamar\u00e1n de 4 horas | OleCanarias\" \/>\n<meta property=\"og:description\" content=\"Haz un crucero en catamar\u00e1n de 4 horas: la opci\u00f3n perfecta para relajarte, divertirte un poco, disfrutar de una deliciosa paella espa\u00f1ola y admirar las vistas.\" \/>\n<meta property=\"og:url\" content=\"https:\/\/olecanarias.com\/es\/shop\/grancanaria1\/4h-de-crucero-en-catamaran-bebidas-y-snorkel-incluidos-en-el-precio\/\" \/>\n<meta property=\"og:site_name\" content=\"Ole Canarias! Wyspy Kanaryjskie - atrakcje i wycieczki\" \/>\n<meta property=\"article:publisher\" content=\"https:\/\/www.facebook.com\/atrakcjenateneryfie\" \/>\n<meta property=\"og:image\" content=\"https:\/\/olecanarias.com\/wp-content\/uploads\/2025\/10\/gran-canaria-rejs-jachtem-1.jpg\" \/>\n\t<meta property=\"og:image:width\" content=\"960\" \/>\n\t<meta property=\"og:image:height\" content=\"1200\" \/>\n\t<meta property=\"og:image:type\" content=\"image\/jpeg\" \/>\n<meta name=\"twitter:card\" content=\"summary_large_image\" \/>\n<meta name=\"twitter:label1\" content=\"Tiempo de lectura\" \/>\n\t<meta name=\"twitter:data1\" content=\"2 minutos\" \/>\n<script type=\"application\/ld+json\" class=\"yoast-schema-graph\">{\"@context\":\"https:\/\/schema.org\",\"@graph\":[{\"@type\":\"WebPage\",\"@id\":\"https:\/\/olecanarias.com\/es\/shop\/grancanaria1\/4h-de-crucero-en-catamaran-bebidas-y-snorkel-incluidos-en-el-precio\/\",\"url\":\"https:\/\/olecanarias.com\/es\/shop\/grancanaria1\/4h-de-crucero-en-catamaran-bebidas-y-snorkel-incluidos-en-el-precio\/\",\"name\":\"Gran Canaria - Crucero en catamar\u00e1n de 4 horas | OleCanarias\",\"isPartOf\":{\"@id\":\"https:\/\/olecanarias.com\/es\/#website\"},\"primaryImageOfPage\":{\"@id\":\"https:\/\/olecanarias.com\/es\/shop\/grancanaria1\/4h-de-crucero-en-catamaran-bebidas-y-snorkel-incluidos-en-el-precio\/#primaryimage\"},\"image\":{\"@id\":\"https:\/\/olecanarias.com\/es\/shop\/grancanaria1\/4h-de-crucero-en-catamaran-bebidas-y-snorkel-incluidos-en-el-precio\/#primaryimage\"},\"thumbnailUrl\":\"https:\/\/olecanarias.com\/wp-content\/uploads\/2025\/10\/gran-canaria-rejs-jachtem-1.jpg\",\"datePublished\":\"2025-10-21T21:34:54+00:00\",\"description\":\"Haz un crucero en catamar\u00e1n de 4 horas: la opci\u00f3n perfecta para relajarte, divertirte un poco, disfrutar de una deliciosa paella espa\u00f1ola y admirar las vistas.\",\"breadcrumb\":{\"@id\":\"https:\/\/olecanarias.com\/es\/shop\/grancanaria1\/4h-de-crucero-en-catamaran-bebidas-y-snorkel-incluidos-en-el-precio\/#breadcrumb\"},\"inLanguage\":\"es\",\"potentialAction\":[{\"@type\":\"ReadAction\",\"target\":[\"https:\/\/olecanarias.com\/es\/shop\/grancanaria1\/4h-de-crucero-en-catamaran-bebidas-y-snorkel-incluidos-en-el-precio\/\"]}]},{\"@type\":\"ImageObject\",\"inLanguage\":\"es\",\"@id\":\"https:\/\/olecanarias.com\/es\/shop\/grancanaria1\/4h-de-crucero-en-catamaran-bebidas-y-snorkel-incluidos-en-el-precio\/#primaryimage\",\"url\":\"https:\/\/olecanarias.com\/wp-content\/uploads\/2025\/10\/gran-canaria-rejs-jachtem-1.jpg\",\"contentUrl\":\"https:\/\/olecanarias.com\/wp-content\/uploads\/2025\/10\/gran-canaria-rejs-jachtem-1.jpg\",\"width\":960,\"height\":1200,\"caption\":\"Crucero en catamar\u00e1n Gran Canaria\"},{\"@type\":\"BreadcrumbList\",\"@id\":\"https:\/\/olecanarias.com\/es\/shop\/grancanaria1\/4h-de-crucero-en-catamaran-bebidas-y-snorkel-incluidos-en-el-precio\/#breadcrumb\",\"itemListElement\":[{\"@type\":\"ListItem\",\"position\":1,\"name\":\"OleCanarias.com\",\"item\":\"https:\/\/olecanarias.com\/es\/\"},{\"@type\":\"ListItem\",\"position\":2,\"name\":\"Productos\",\"item\":\"https:\/\/olecanarias.com\/es\/shop\/\"},{\"@type\":\"ListItem\",\"position\":3,\"name\":\"4h de crucero en catamar\u00e1n &#8211; bebidas y snorkel incluidos en el precio\"}]},{\"@type\":\"WebSite\",\"@id\":\"https:\/\/olecanarias.com\/es\/#website\",\"url\":\"https:\/\/olecanarias.com\/es\/\",\"name\":\"Ole Tenerife!\",\"description\":\"Wszystkie atrakcje i wycieczki na Wyspach Kanaryjskich w jednym miejscu\",\"alternateName\":\"OleTenerife!\",\"potentialAction\":[{\"@type\":\"SearchAction\",\"target\":{\"@type\":\"EntryPoint\",\"urlTemplate\":\"https:\/\/olecanarias.com\/es\/?s={search_term_string}\"},\"query-input\":{\"@type\":\"PropertyValueSpecification\",\"valueRequired\":true,\"valueName\":\"search_term_string\"}}],\"inLanguage\":\"es\"}]}<\/script>\n<!-- \/ Yoast SEO plugin. -->","yoast_head_json":{"title":"Gran Canaria - Crucero en catamar\u00e1n de 4 horas | OleCanarias","description":"Haz un crucero en catamar\u00e1n de 4 horas: la opci\u00f3n perfecta para relajarte, divertirte un poco, disfrutar de una deliciosa paella espa\u00f1ola y admirar las vistas.","robots":{"index":"index","follow":"follow","max-snippet":"max-snippet:-1","max-image-preview":"max-image-preview:large","max-video-preview":"max-video-preview:-1"},"canonical":"https:\/\/olecanarias.com\/es\/shop\/grancanaria1\/4h-de-crucero-en-catamaran-bebidas-y-snorkel-incluidos-en-el-precio\/","og_locale":"es_ES","og_type":"article","og_title":"Gran Canaria - Crucero en catamar\u00e1n de 4 horas | OleCanarias","og_description":"Haz un crucero en catamar\u00e1n de 4 horas: la opci\u00f3n perfecta para relajarte, divertirte un poco, disfrutar de una deliciosa paella espa\u00f1ola y admirar las vistas.","og_url":"https:\/\/olecanarias.com\/es\/shop\/grancanaria1\/4h-de-crucero-en-catamaran-bebidas-y-snorkel-incluidos-en-el-precio\/","og_site_name":"Ole Canarias! Wyspy Kanaryjskie - atrakcje i wycieczki","article_publisher":"https:\/\/www.facebook.com\/atrakcjenateneryfie","og_image":[{"width":960,"height":1200,"url":"https:\/\/olecanarias.com\/wp-content\/uploads\/2025\/10\/gran-canaria-rejs-jachtem-1.jpg","type":"image\/jpeg"}],"twitter_card":"summary_large_image","twitter_misc":{"Tiempo de lectura":"2 minutos"},"schema":{"@context":"https:\/\/schema.org","@graph":[{"@type":"WebPage","@id":"https:\/\/olecanarias.com\/es\/shop\/grancanaria1\/4h-de-crucero-en-catamaran-bebidas-y-snorkel-incluidos-en-el-precio\/","url":"https:\/\/olecanarias.com\/es\/shop\/grancanaria1\/4h-de-crucero-en-catamaran-bebidas-y-snorkel-incluidos-en-el-precio\/","name":"Gran Canaria - Crucero en catamar\u00e1n de 4 horas | OleCanarias","isPartOf":{"@id":"https:\/\/olecanarias.com\/es\/#website"},"primaryImageOfPage":{"@id":"https:\/\/olecanarias.com\/es\/shop\/grancanaria1\/4h-de-crucero-en-catamaran-bebidas-y-snorkel-incluidos-en-el-precio\/#primaryimage"},"image":{"@id":"https:\/\/olecanarias.com\/es\/shop\/grancanaria1\/4h-de-crucero-en-catamaran-bebidas-y-snorkel-incluidos-en-el-precio\/#primaryimage"},"thumbnailUrl":"https:\/\/olecanarias.com\/wp-content\/uploads\/2025\/10\/gran-canaria-rejs-jachtem-1.jpg","datePublished":"2025-10-21T21:34:54+00:00","description":"Haz un crucero en catamar\u00e1n de 4 horas: la opci\u00f3n perfecta para relajarte, divertirte un poco, disfrutar de una deliciosa paella espa\u00f1ola y admirar las vistas.","breadcrumb":{"@id":"https:\/\/olecanarias.com\/es\/shop\/grancanaria1\/4h-de-crucero-en-catamaran-bebidas-y-snorkel-incluidos-en-el-precio\/#breadcrumb"},"inLanguage":"es","potentialAction":[{"@type":"ReadAction","target":["https:\/\/olecanarias.com\/es\/shop\/grancanaria1\/4h-de-crucero-en-catamaran-bebidas-y-snorkel-incluidos-en-el-precio\/"]}]},{"@type":"ImageObject","inLanguage":"es","@id":"https:\/\/olecanarias.com\/es\/shop\/grancanaria1\/4h-de-crucero-en-catamaran-bebidas-y-snorkel-incluidos-en-el-precio\/#primaryimage","url":"https:\/\/olecanarias.com\/wp-content\/uploads\/2025\/10\/gran-canaria-rejs-jachtem-1.jpg","contentUrl":"https:\/\/olecanarias.com\/wp-content\/uploads\/2025\/10\/gran-canaria-rejs-jachtem-1.jpg","width":960,"height":1200,"caption":"Crucero en catamar\u00e1n Gran Canaria"},{"@type":"BreadcrumbList","@id":"https:\/\/olecanarias.com\/es\/shop\/grancanaria1\/4h-de-crucero-en-catamaran-bebidas-y-snorkel-incluidos-en-el-precio\/#breadcrumb","itemListElement":[{"@type":"ListItem","position":1,"name":"OleCanarias.com","item":"https:\/\/olecanarias.com\/es\/"},{"@type":"ListItem","position":2,"name":"Productos","item":"https:\/\/olecanarias.com\/es\/shop\/"},{"@type":"ListItem","position":3,"name":"4h de crucero en catamar\u00e1n &#8211; bebidas y snorkel incluidos en el precio"}]},{"@type":"WebSite","@id":"https:\/\/olecanarias.com\/es\/#website","url":"https:\/\/olecanarias.com\/es\/","name":"Ole Tenerife!","description":"Wszystkie atrakcje i wycieczki na Wyspach Kanaryjskich w jednym miejscu","alternateName":"OleTenerife!","potentialAction":[{"@type":"SearchAction","target":{"@type":"EntryPoint","urlTemplate":"https:\/\/olecanarias.com\/es\/?s={search_term_string}"},"query-input":{"@type":"PropertyValueSpecification","valueRequired":true,"valueName":"search_term_string"}}],"inLanguage":"es"}]}},"_links":{"self":[{"href":"https:\/\/olecanarias.com\/es\/wp-json\/wp\/v2\/product\/13539","targetHints":{"allow":["GET"]}}],"collection":[{"href":"https:\/\/olecanarias.com\/es\/wp-json\/wp\/v2\/product"}],"about":[{"href":"https:\/\/olecanarias.com\/es\/wp-json\/wp\/v2\/types\/product"}],"wp:featuredmedia":[{"embeddable":true,"href":"https:\/\/olecanarias.com\/es\/wp-json\/wp\/v2\/media\/13186"}],"wp:attachment":[{"href":"https:\/\/olecanarias.com\/es\/wp-json\/wp\/v2\/media?parent=13539"}],"wp:term":[{"taxonomy":"product_brand","embeddable":true,"href":"https:\/\/olecanarias.com\/es\/wp-json\/wp\/v2\/product_brand?post=13539"},{"taxonomy":"product_cat","embeddable":true,"href":"https:\/\/olecanarias.com\/es\/wp-json\/wp\/v2\/product_cat?post=13539"},{"taxonomy":"product_tag","embeddable":true,"href":"https:\/\/olecanarias.com\/es\/wp-json\/wp\/v2\/product_tag?post=13539"}],"curies":[{"name":"wp","href":"https:\/\/api.w.org\/{rel}","templated":true}]}}