{"id":13776,"date":"2025-10-27T19:49:03","date_gmt":"2025-10-27T18:49:03","guid":{"rendered":"https:\/\/olecanarias.com\/shop\/brand\/paracaidismo\/"},"modified":"2025-10-27T19:49:03","modified_gmt":"2025-10-27T18:49:03","slug":"paracaidismo","status":"publish","type":"product","link":"https:\/\/olecanarias.com\/es\/shop\/grancanaria1\/paracaidismo\/","title":{"rendered":"Paracaidismo"},"content":{"rendered":"<p>\u00a1Esta atracci\u00f3n de Gran Canaria es absolutamente \u00fanica! Experimenta un salto en paraca\u00eddas en t\u00e1ndem desde una altura de 3.000 metros. No necesitas ninguna licencia ni experiencia para disfrutar de esta atracci\u00f3n. Nuestros instructores te entrenar\u00e1n y se ocupar\u00e1n de tu seguridad durante todo el viaje.   <\/p>\n<h2>Paracaidismo en Gran Canaria &#8211; \u00bfC\u00f3mo es el viaje?<\/h2>\n<p>Comenzar\u00e1s tu aventura en Playa del Ingl\u00e9s, en la oficina, donde firmar\u00e1s los documentos necesarios para poder realizar el salto. A continuaci\u00f3n, ser\u00e1s entrenado por un instructor (si necesitas instrucci\u00f3n en polaco, h\u00e1znoslo saber en las notas) y llevar\u00e1s un arn\u00e9s especial al que te sujetar\u00e1 el instructor. <\/p>\n<p>Tras la instrucci\u00f3n, te dirigir\u00e1s a la pista de aterrizaje, desde donde despegar\u00e1 la aeronave. El vuelo tiene lugar desde una altitud aproximada de 3 000 m. El vuelo libre dura unos 30-40 segundos, tras los cuales se abrir\u00e1 el paraca\u00eddas. El resto del vuelo, durante el cual podr\u00e1s disfrutar de las vistas de Gran Canaria, durar\u00e1 aproximadamente 5 &#8211; 7 minutos. Aterrizar\u00e1s en <a href=\"https:\/\/olecanarias.com\/es\/dunas-de-maspalomas-una-maravilla-del-desierto-en-gran-canaria\/\">las dunas de Maspalomas,<\/a> uno de los emblemas de Gran Canaria.      <\/p>\n<h2>Gran Canaria &#8211; paracaidismo: precio<\/h2>\n<p>El coste de la atracci\u00f3n es de 299 euros\/persona (130 euros a pagar en el momento de la reserva, el resto con tarjeta o en efectivo in situ).<\/p>\n<p>Adem\u00e1s, puedes comprar:<\/p>\n<p>&#8211; conjunto de fotos o v\u00eddeo: 99 euros\/persona<\/p>\n<p>&#8211; set de foto y v\u00eddeo: 149 euros<\/p>\n<p>&#8211; suplemento para personas de m\u00e1s de 90 kg: 50 EUR<\/p>\n<h2>Gran Canaria &#8211; paracaidismo: m\u00e1s informaci\u00f3n<\/h2>\n<p>La atracci\u00f3n est\u00e1 abierta a visitantes mayores de 9 a\u00f1os. Los menores de edad s\u00f3lo pueden saltar con permiso escrito de uno de sus padres o tutor legal firmado in situ. <\/p>\n<p>Al hacer la reserva, introduce en las notas tu fecha de nacimiento, tu peso y cualquier contraindicaci\u00f3n sanitaria.<\/p>\n<p><strong>Punto de recogida:<\/strong> Centro Comercial Anexo II de Playa del Ingl\u00e9s.<\/p>\n<p>&nbsp;<\/p>\n<p>&nbsp;<\/p>\n","protected":false},"excerpt":{"rendered":"<p>\u00a1Esta atracci\u00f3n de Gran Canaria es absolutamente \u00fanica! Experimenta un salto en paraca\u00eddas en t\u00e1ndem desde una altura de 3.000 metros. No necesitas ninguna licencia ni experiencia para disfrutar de esta atracci\u00f3n. Nuestros instructores te entrenar\u00e1n y se ocupar\u00e1n de tu seguridad durante todo el viaje. Paracaidismo en Gran Canaria &#8211; \u00bfC\u00f3mo es el viaje? [&hellip;]<\/p>\n","protected":false},"featured_media":13327,"template":"","meta":{"_acf_changed":false},"product_brand":[1213],"product_cat":[1347,1557,1384],"product_tag":[1561,1396,1562,1560,1353,1354,1558,1559,1563,1363],"class_list":{"0":"post-13776","1":"product","2":"type-product","3":"status-publish","4":"has-post-thumbnail","6":"product_brand-grancanaria1","7":"product_cat-todas-las-atracciones","8":"product_cat-adrenalina","9":"product_cat-premium","10":"product_tag-atracciones-de-gran-canaria-2","11":"product_tag-atracciones-de-gran-canaria","12":"product_tag-atracciones-turisticas-de-gran-canaria","13":"product_tag-deportes-extremos-en-gran-canaria","14":"product_tag-gran-canaria","15":"product_tag-gran-canaria-en-polaco","16":"product_tag-gran-canaria-paracaidismo","17":"product_tag-paracaidismo-gran-canaria","18":"product_tag-que-hacer-en-gran-canaria","19":"product_tag-vacaciones-en-gran-canaria-2","21":"first","22":"instock","23":"virtual","24":"sold-individually","25":"purchasable","26":"product-type-booking"},"acf":[],"yoast_head":"<!-- This site is optimized with the Yoast SEO plugin v26.0 - https:\/\/yoast.com\/wordpress\/plugins\/seo\/ -->\n<title>Paracaidismo - Ole Canarias! Wyspy Kanaryjskie - atrakcje i wycieczki<\/title>\n<meta name=\"description\" content=\"\u00a1El Paracaidismo en Gran Canaria es una actividad que recordar\u00e1s toda la vida! Potencia de adrenalina, vistas incre\u00edbles, instrucci\u00f3n en polaco. Consulta los detalles\" \/>\n<meta name=\"robots\" content=\"index, follow, max-snippet:-1, max-image-preview:large, max-video-preview:-1\" \/>\n<link rel=\"canonical\" href=\"https:\/\/olecanarias.com\/es\/shop\/grancanaria1\/paracaidismo\/\" \/>\n<meta property=\"og:locale\" content=\"es_ES\" \/>\n<meta property=\"og:type\" content=\"article\" \/>\n<meta property=\"og:title\" content=\"Paracaidismo - Ole Canarias! Wyspy Kanaryjskie - atrakcje i wycieczki\" \/>\n<meta property=\"og:description\" content=\"\u00a1El Paracaidismo en Gran Canaria es una actividad que recordar\u00e1s toda la vida! Potencia de adrenalina, vistas incre\u00edbles, instrucci\u00f3n en polaco. Consulta los detalles\" \/>\n<meta property=\"og:url\" content=\"https:\/\/olecanarias.com\/es\/shop\/grancanaria1\/paracaidismo\/\" \/>\n<meta property=\"og:site_name\" content=\"Ole Canarias! Wyspy Kanaryjskie - atrakcje i wycieczki\" \/>\n<meta property=\"article:publisher\" content=\"https:\/\/www.facebook.com\/atrakcjenateneryfie\" \/>\n<meta property=\"og:image\" content=\"https:\/\/olecanarias.com\/wp-content\/uploads\/2025\/10\/gran-canaria-skok-ze-spadochronem.jpg\" \/>\n\t<meta property=\"og:image:width\" content=\"960\" \/>\n\t<meta property=\"og:image:height\" content=\"1200\" \/>\n\t<meta property=\"og:image:type\" content=\"image\/jpeg\" \/>\n<meta name=\"twitter:card\" content=\"summary_large_image\" \/>\n<meta name=\"twitter:label1\" content=\"Tiempo de lectura\" \/>\n\t<meta name=\"twitter:data1\" content=\"2 minutos\" \/>\n<script type=\"application\/ld+json\" class=\"yoast-schema-graph\">{\"@context\":\"https:\/\/schema.org\",\"@graph\":[{\"@type\":\"WebPage\",\"@id\":\"https:\/\/olecanarias.com\/es\/shop\/grancanaria1\/paracaidismo\/\",\"url\":\"https:\/\/olecanarias.com\/es\/shop\/grancanaria1\/paracaidismo\/\",\"name\":\"Paracaidismo - Ole Canarias! Wyspy Kanaryjskie - atrakcje i wycieczki\",\"isPartOf\":{\"@id\":\"https:\/\/olecanarias.com\/es\/#website\"},\"primaryImageOfPage\":{\"@id\":\"https:\/\/olecanarias.com\/es\/shop\/grancanaria1\/paracaidismo\/#primaryimage\"},\"image\":{\"@id\":\"https:\/\/olecanarias.com\/es\/shop\/grancanaria1\/paracaidismo\/#primaryimage\"},\"thumbnailUrl\":\"https:\/\/olecanarias.com\/wp-content\/uploads\/2025\/10\/gran-canaria-skok-ze-spadochronem.jpg\",\"datePublished\":\"2025-10-27T18:49:03+00:00\",\"description\":\"\u00a1El Paracaidismo en Gran Canaria es una actividad que recordar\u00e1s toda la vida! Potencia de adrenalina, vistas incre\u00edbles, instrucci\u00f3n en polaco. Consulta los detalles\",\"breadcrumb\":{\"@id\":\"https:\/\/olecanarias.com\/es\/shop\/grancanaria1\/paracaidismo\/#breadcrumb\"},\"inLanguage\":\"es\",\"potentialAction\":[{\"@type\":\"ReadAction\",\"target\":[\"https:\/\/olecanarias.com\/es\/shop\/grancanaria1\/paracaidismo\/\"]}]},{\"@type\":\"ImageObject\",\"inLanguage\":\"es\",\"@id\":\"https:\/\/olecanarias.com\/es\/shop\/grancanaria1\/paracaidismo\/#primaryimage\",\"url\":\"https:\/\/olecanarias.com\/wp-content\/uploads\/2025\/10\/gran-canaria-skok-ze-spadochronem.jpg\",\"contentUrl\":\"https:\/\/olecanarias.com\/wp-content\/uploads\/2025\/10\/gran-canaria-skok-ze-spadochronem.jpg\",\"width\":960,\"height\":1200,\"caption\":\"gran canaria paracaidismo\"},{\"@type\":\"BreadcrumbList\",\"@id\":\"https:\/\/olecanarias.com\/es\/shop\/grancanaria1\/paracaidismo\/#breadcrumb\",\"itemListElement\":[{\"@type\":\"ListItem\",\"position\":1,\"name\":\"OleCanarias.com\",\"item\":\"https:\/\/olecanarias.com\/es\/\"},{\"@type\":\"ListItem\",\"position\":2,\"name\":\"Productos\",\"item\":\"https:\/\/olecanarias.com\/es\/shop\/\"},{\"@type\":\"ListItem\",\"position\":3,\"name\":\"Paracaidismo\"}]},{\"@type\":\"WebSite\",\"@id\":\"https:\/\/olecanarias.com\/es\/#website\",\"url\":\"https:\/\/olecanarias.com\/es\/\",\"name\":\"Ole Tenerife!\",\"description\":\"Wszystkie atrakcje i wycieczki na Wyspach Kanaryjskich w jednym miejscu\",\"alternateName\":\"OleTenerife!\",\"potentialAction\":[{\"@type\":\"SearchAction\",\"target\":{\"@type\":\"EntryPoint\",\"urlTemplate\":\"https:\/\/olecanarias.com\/es\/?s={search_term_string}\"},\"query-input\":{\"@type\":\"PropertyValueSpecification\",\"valueRequired\":true,\"valueName\":\"search_term_string\"}}],\"inLanguage\":\"es\"}]}<\/script>\n<!-- \/ Yoast SEO plugin. -->","yoast_head_json":{"title":"Paracaidismo - Ole Canarias! Wyspy Kanaryjskie - atrakcje i wycieczki","description":"\u00a1El Paracaidismo en Gran Canaria es una actividad que recordar\u00e1s toda la vida! Potencia de adrenalina, vistas incre\u00edbles, instrucci\u00f3n en polaco. Consulta los detalles","robots":{"index":"index","follow":"follow","max-snippet":"max-snippet:-1","max-image-preview":"max-image-preview:large","max-video-preview":"max-video-preview:-1"},"canonical":"https:\/\/olecanarias.com\/es\/shop\/grancanaria1\/paracaidismo\/","og_locale":"es_ES","og_type":"article","og_title":"Paracaidismo - Ole Canarias! Wyspy Kanaryjskie - atrakcje i wycieczki","og_description":"\u00a1El Paracaidismo en Gran Canaria es una actividad que recordar\u00e1s toda la vida! Potencia de adrenalina, vistas incre\u00edbles, instrucci\u00f3n en polaco. Consulta los detalles","og_url":"https:\/\/olecanarias.com\/es\/shop\/grancanaria1\/paracaidismo\/","og_site_name":"Ole Canarias! Wyspy Kanaryjskie - atrakcje i wycieczki","article_publisher":"https:\/\/www.facebook.com\/atrakcjenateneryfie","og_image":[{"width":960,"height":1200,"url":"https:\/\/olecanarias.com\/wp-content\/uploads\/2025\/10\/gran-canaria-skok-ze-spadochronem.jpg","type":"image\/jpeg"}],"twitter_card":"summary_large_image","twitter_misc":{"Tiempo de lectura":"2 minutos"},"schema":{"@context":"https:\/\/schema.org","@graph":[{"@type":"WebPage","@id":"https:\/\/olecanarias.com\/es\/shop\/grancanaria1\/paracaidismo\/","url":"https:\/\/olecanarias.com\/es\/shop\/grancanaria1\/paracaidismo\/","name":"Paracaidismo - Ole Canarias! Wyspy Kanaryjskie - atrakcje i wycieczki","isPartOf":{"@id":"https:\/\/olecanarias.com\/es\/#website"},"primaryImageOfPage":{"@id":"https:\/\/olecanarias.com\/es\/shop\/grancanaria1\/paracaidismo\/#primaryimage"},"image":{"@id":"https:\/\/olecanarias.com\/es\/shop\/grancanaria1\/paracaidismo\/#primaryimage"},"thumbnailUrl":"https:\/\/olecanarias.com\/wp-content\/uploads\/2025\/10\/gran-canaria-skok-ze-spadochronem.jpg","datePublished":"2025-10-27T18:49:03+00:00","description":"\u00a1El Paracaidismo en Gran Canaria es una actividad que recordar\u00e1s toda la vida! Potencia de adrenalina, vistas incre\u00edbles, instrucci\u00f3n en polaco. Consulta los detalles","breadcrumb":{"@id":"https:\/\/olecanarias.com\/es\/shop\/grancanaria1\/paracaidismo\/#breadcrumb"},"inLanguage":"es","potentialAction":[{"@type":"ReadAction","target":["https:\/\/olecanarias.com\/es\/shop\/grancanaria1\/paracaidismo\/"]}]},{"@type":"ImageObject","inLanguage":"es","@id":"https:\/\/olecanarias.com\/es\/shop\/grancanaria1\/paracaidismo\/#primaryimage","url":"https:\/\/olecanarias.com\/wp-content\/uploads\/2025\/10\/gran-canaria-skok-ze-spadochronem.jpg","contentUrl":"https:\/\/olecanarias.com\/wp-content\/uploads\/2025\/10\/gran-canaria-skok-ze-spadochronem.jpg","width":960,"height":1200,"caption":"gran canaria paracaidismo"},{"@type":"BreadcrumbList","@id":"https:\/\/olecanarias.com\/es\/shop\/grancanaria1\/paracaidismo\/#breadcrumb","itemListElement":[{"@type":"ListItem","position":1,"name":"OleCanarias.com","item":"https:\/\/olecanarias.com\/es\/"},{"@type":"ListItem","position":2,"name":"Productos","item":"https:\/\/olecanarias.com\/es\/shop\/"},{"@type":"ListItem","position":3,"name":"Paracaidismo"}]},{"@type":"WebSite","@id":"https:\/\/olecanarias.com\/es\/#website","url":"https:\/\/olecanarias.com\/es\/","name":"Ole Tenerife!","description":"Wszystkie atrakcje i wycieczki na Wyspach Kanaryjskich w jednym miejscu","alternateName":"OleTenerife!","potentialAction":[{"@type":"SearchAction","target":{"@type":"EntryPoint","urlTemplate":"https:\/\/olecanarias.com\/es\/?s={search_term_string}"},"query-input":{"@type":"PropertyValueSpecification","valueRequired":true,"valueName":"search_term_string"}}],"inLanguage":"es"}]}},"_links":{"self":[{"href":"https:\/\/olecanarias.com\/es\/wp-json\/wp\/v2\/product\/13776","targetHints":{"allow":["GET"]}}],"collection":[{"href":"https:\/\/olecanarias.com\/es\/wp-json\/wp\/v2\/product"}],"about":[{"href":"https:\/\/olecanarias.com\/es\/wp-json\/wp\/v2\/types\/product"}],"wp:featuredmedia":[{"embeddable":true,"href":"https:\/\/olecanarias.com\/es\/wp-json\/wp\/v2\/media\/13327"}],"wp:attachment":[{"href":"https:\/\/olecanarias.com\/es\/wp-json\/wp\/v2\/media?parent=13776"}],"wp:term":[{"taxonomy":"product_brand","embeddable":true,"href":"https:\/\/olecanarias.com\/es\/wp-json\/wp\/v2\/product_brand?post=13776"},{"taxonomy":"product_cat","embeddable":true,"href":"https:\/\/olecanarias.com\/es\/wp-json\/wp\/v2\/product_cat?post=13776"},{"taxonomy":"product_tag","embeddable":true,"href":"https:\/\/olecanarias.com\/es\/wp-json\/wp\/v2\/product_tag?post=13776"}],"curies":[{"name":"wp","href":"https:\/\/api.w.org\/{rel}","templated":true}]}}