{"id":13780,"date":"2025-10-22T10:32:39","date_gmt":"2025-10-22T08:32:39","guid":{"rendered":"https:\/\/olecanarias.com\/shop\/brand\/crucero-de-2h-en-catamaran-bebidas-y-snorkel-incluidos-en-el-precio\/"},"modified":"2025-10-22T10:32:39","modified_gmt":"2025-10-22T08:32:39","slug":"crucero-de-2h-en-catamaran-bebidas-y-snorkel-incluidos-en-el-precio","status":"publish","type":"product","link":"https:\/\/olecanarias.com\/es\/shop\/grancanaria1\/crucero-de-2h-en-catamaran-bebidas-y-snorkel-incluidos-en-el-precio\/","title":{"rendered":"Crucero de 2h en catamar\u00e1n &#8211; bebidas y snorkel incluidos en el precio"},"content":{"rendered":"<p><strong>Gran Canaria<\/strong> est\u00e1 situada en el oc\u00e9ano Atl\u00e1ntico. Por eso es el lugar perfecto para subir a bordo de un catamar\u00e1n y ver la isla desde el agua. Si buscas una aventura mar\u00edtima m\u00e1s corta pero \u00fanica, este crucero es para ti. Haz <b>un viaje inolvidable de 2 horas en un catamar\u00e1n moderno y confortable. <\/b>    <\/p>\n<h2><b>\u00bfC\u00f3mo es el recorrido?<\/b><\/h2>\n<p>En dos horas sentir\u00e1s todo el clima canario: <b>sol, viento, oc\u00e9ano y relajaci\u00f3n<\/b>. Durante el crucero habr\u00e1 tiempo para <b>hacer snorkel<\/b> (m\u00e1scaras y tubos disponibles a bordo), <b>nadar en el oc\u00e9ano<\/b> o <b>relajarte en la cubierta del catamar\u00e1n<\/b>. <\/p>\n<p>Las bebidas &#8211; vino, cerveza , cava &#8211; vino espumoso canario, sangr\u00eda y refrescos &#8211; est\u00e1n disponibles en el barco en todo momento y est\u00e1n incluidas en el precio. Y la amable tripulaci\u00f3n (ingl\u00e9s, espa\u00f1ol) se asegurar\u00e1 de que no te falte de nada durante el crucero. <\/p>\n<p><b>El crucero combina lujo, diversi\u00f3n y relajaci\u00f3n: la forma perfecta de pasar una tarde en Gran Canaria.<\/b><\/p>\n<h2><b>\u00bfD\u00f3nde tiene lugar el recorrido?<\/b><\/h2>\n<p>El crucero en catamar\u00e1n sale del puerto de Puerto Rico a las 14.30 h. Recuerda llegar unos 20 minutos antes, <\/p>\n<p>Te daremos la hora exacta de recogida en tu billete.  <b>Para los que viven en el sur (Playa Ingl\u00e9s, Maspalomas, Mog\u00e1n), hay disponible un servicio gratuito de transporte desde el hotel o los alrededores &#8211; si necesitas transporte, indica esta opci\u00f3n en el formulario de pedido.  <\/b><\/p>\n<p><b>Lugar de recogida: Puerto de Puerto Rico  <\/b><\/p>\n<p>Si te apetece un crucero m\u00e1s largo, disfruta de un crucero en catamar\u00e1n de 4h \ud83d\udc49 cons\u00faltalo aqu\u00ed.<\/p>\n","protected":false},"excerpt":{"rendered":"<p>Gran Canaria est\u00e1 situada en el oc\u00e9ano Atl\u00e1ntico. Por eso es el lugar perfecto para subir a bordo de un catamar\u00e1n y ver la isla desde el agua. Si buscas una aventura mar\u00edtima m\u00e1s corta pero \u00fanica, este crucero es para ti. Haz un viaje inolvidable de 2 horas en un catamar\u00e1n moderno y confortable. [&hellip;]<\/p>\n","protected":false},"featured_media":13238,"template":"","meta":{"_acf_changed":false},"product_brand":[1213],"product_cat":[1347,1383],"product_tag":[1396,1421,1359,1353,1398,1568,1351,1349,1363,1569],"class_list":{"0":"post-13780","1":"product","2":"type-product","3":"status-publish","4":"has-post-thumbnail","6":"product_brand-grancanaria1","7":"product_cat-todas-las-atracciones","8":"product_cat-cruceros","9":"product_tag-atracciones-de-gran-canaria","10":"product_tag-crucero-en-catamaran-por-gran-canaria","11":"product_tag-excursiones-en-gran-canaria","12":"product_tag-gran-canaria","13":"product_tag-gran-canaria-que-hacer","14":"product_tag-ole","15":"product_tag-ole-canarias","16":"product_tag-olecanarias","17":"product_tag-vacaciones-en-gran-canaria-2","18":"product_tag-vacaciones-gran-canaria","20":"first","21":"instock","22":"virtual","23":"sold-individually","24":"purchasable","25":"product-type-booking"},"acf":[],"yoast_head":"<!-- This site is optimized with the Yoast SEO plugin v26.0 - https:\/\/yoast.com\/wordpress\/plugins\/seo\/ -->\n<title>Gran Canaria - Crucero en catamar\u00e1n 2h | OleCanarias<\/title>\n<meta name=\"description\" content=\"Un crucero en catamar\u00e1n de 2h en Gran Canaria es la opci\u00f3n ideal para quienes quieran ver la costa de la isla desde la cubierta de un precioso catamar\u00e1n nuevo. Bebidas incluidas\" \/>\n<meta name=\"robots\" content=\"index, follow, max-snippet:-1, max-image-preview:large, max-video-preview:-1\" \/>\n<link rel=\"canonical\" href=\"https:\/\/olecanarias.com\/es\/shop\/grancanaria1\/crucero-de-2h-en-catamaran-bebidas-y-snorkel-incluidos-en-el-precio\/\" \/>\n<meta property=\"og:locale\" content=\"es_ES\" \/>\n<meta property=\"og:type\" content=\"article\" \/>\n<meta property=\"og:title\" content=\"Gran Canaria - Crucero en catamar\u00e1n 2h | OleCanarias\" \/>\n<meta property=\"og:description\" content=\"Un crucero en catamar\u00e1n de 2h en Gran Canaria es la opci\u00f3n ideal para quienes quieran ver la costa de la isla desde la cubierta de un precioso catamar\u00e1n nuevo. Bebidas incluidas\" \/>\n<meta property=\"og:url\" content=\"https:\/\/olecanarias.com\/es\/shop\/grancanaria1\/crucero-de-2h-en-catamaran-bebidas-y-snorkel-incluidos-en-el-precio\/\" \/>\n<meta property=\"og:site_name\" content=\"Ole Canarias! Wyspy Kanaryjskie - atrakcje i wycieczki\" \/>\n<meta property=\"article:publisher\" content=\"https:\/\/www.facebook.com\/atrakcjenateneryfie\" \/>\n<meta property=\"og:image\" content=\"https:\/\/olecanarias.com\/wp-content\/uploads\/2025\/10\/gran-canaria-rejs-katamaranem.jpg\" \/>\n\t<meta property=\"og:image:width\" content=\"1080\" \/>\n\t<meta property=\"og:image:height\" content=\"1350\" \/>\n\t<meta property=\"og:image:type\" content=\"image\/jpeg\" \/>\n<meta name=\"twitter:card\" content=\"summary_large_image\" \/>\n<meta name=\"twitter:label1\" content=\"Tiempo de lectura\" \/>\n\t<meta name=\"twitter:data1\" content=\"1 minuto\" \/>\n<script type=\"application\/ld+json\" class=\"yoast-schema-graph\">{\"@context\":\"https:\/\/schema.org\",\"@graph\":[{\"@type\":\"WebPage\",\"@id\":\"https:\/\/olecanarias.com\/es\/shop\/grancanaria1\/crucero-de-2h-en-catamaran-bebidas-y-snorkel-incluidos-en-el-precio\/\",\"url\":\"https:\/\/olecanarias.com\/es\/shop\/grancanaria1\/crucero-de-2h-en-catamaran-bebidas-y-snorkel-incluidos-en-el-precio\/\",\"name\":\"Gran Canaria - Crucero en catamar\u00e1n 2h | OleCanarias\",\"isPartOf\":{\"@id\":\"https:\/\/olecanarias.com\/es\/#website\"},\"primaryImageOfPage\":{\"@id\":\"https:\/\/olecanarias.com\/es\/shop\/grancanaria1\/crucero-de-2h-en-catamaran-bebidas-y-snorkel-incluidos-en-el-precio\/#primaryimage\"},\"image\":{\"@id\":\"https:\/\/olecanarias.com\/es\/shop\/grancanaria1\/crucero-de-2h-en-catamaran-bebidas-y-snorkel-incluidos-en-el-precio\/#primaryimage\"},\"thumbnailUrl\":\"https:\/\/olecanarias.com\/wp-content\/uploads\/2025\/10\/gran-canaria-rejs-katamaranem.jpg\",\"datePublished\":\"2025-10-22T08:32:39+00:00\",\"description\":\"Un crucero en catamar\u00e1n de 2h en Gran Canaria es la opci\u00f3n ideal para quienes quieran ver la costa de la isla desde la cubierta de un precioso catamar\u00e1n nuevo. Bebidas incluidas\",\"breadcrumb\":{\"@id\":\"https:\/\/olecanarias.com\/es\/shop\/grancanaria1\/crucero-de-2h-en-catamaran-bebidas-y-snorkel-incluidos-en-el-precio\/#breadcrumb\"},\"inLanguage\":\"es\",\"potentialAction\":[{\"@type\":\"ReadAction\",\"target\":[\"https:\/\/olecanarias.com\/es\/shop\/grancanaria1\/crucero-de-2h-en-catamaran-bebidas-y-snorkel-incluidos-en-el-precio\/\"]}]},{\"@type\":\"ImageObject\",\"inLanguage\":\"es\",\"@id\":\"https:\/\/olecanarias.com\/es\/shop\/grancanaria1\/crucero-de-2h-en-catamaran-bebidas-y-snorkel-incluidos-en-el-precio\/#primaryimage\",\"url\":\"https:\/\/olecanarias.com\/wp-content\/uploads\/2025\/10\/gran-canaria-rejs-katamaranem.jpg\",\"contentUrl\":\"https:\/\/olecanarias.com\/wp-content\/uploads\/2025\/10\/gran-canaria-rejs-katamaranem.jpg\",\"width\":1080,\"height\":1350,\"caption\":\"atracciones de gran canaria\"},{\"@type\":\"BreadcrumbList\",\"@id\":\"https:\/\/olecanarias.com\/es\/shop\/grancanaria1\/crucero-de-2h-en-catamaran-bebidas-y-snorkel-incluidos-en-el-precio\/#breadcrumb\",\"itemListElement\":[{\"@type\":\"ListItem\",\"position\":1,\"name\":\"OleCanarias.com\",\"item\":\"https:\/\/olecanarias.com\/es\/\"},{\"@type\":\"ListItem\",\"position\":2,\"name\":\"Productos\",\"item\":\"https:\/\/olecanarias.com\/es\/shop\/\"},{\"@type\":\"ListItem\",\"position\":3,\"name\":\"Crucero de 2h en catamar\u00e1n &#8211; bebidas y snorkel incluidos en el precio\"}]},{\"@type\":\"WebSite\",\"@id\":\"https:\/\/olecanarias.com\/es\/#website\",\"url\":\"https:\/\/olecanarias.com\/es\/\",\"name\":\"Ole Tenerife!\",\"description\":\"Wszystkie atrakcje i wycieczki na Wyspach Kanaryjskich w jednym miejscu\",\"alternateName\":\"OleTenerife!\",\"potentialAction\":[{\"@type\":\"SearchAction\",\"target\":{\"@type\":\"EntryPoint\",\"urlTemplate\":\"https:\/\/olecanarias.com\/es\/?s={search_term_string}\"},\"query-input\":{\"@type\":\"PropertyValueSpecification\",\"valueRequired\":true,\"valueName\":\"search_term_string\"}}],\"inLanguage\":\"es\"}]}<\/script>\n<!-- \/ Yoast SEO plugin. -->","yoast_head_json":{"title":"Gran Canaria - Crucero en catamar\u00e1n 2h | OleCanarias","description":"Un crucero en catamar\u00e1n de 2h en Gran Canaria es la opci\u00f3n ideal para quienes quieran ver la costa de la isla desde la cubierta de un precioso catamar\u00e1n nuevo. Bebidas incluidas","robots":{"index":"index","follow":"follow","max-snippet":"max-snippet:-1","max-image-preview":"max-image-preview:large","max-video-preview":"max-video-preview:-1"},"canonical":"https:\/\/olecanarias.com\/es\/shop\/grancanaria1\/crucero-de-2h-en-catamaran-bebidas-y-snorkel-incluidos-en-el-precio\/","og_locale":"es_ES","og_type":"article","og_title":"Gran Canaria - Crucero en catamar\u00e1n 2h | OleCanarias","og_description":"Un crucero en catamar\u00e1n de 2h en Gran Canaria es la opci\u00f3n ideal para quienes quieran ver la costa de la isla desde la cubierta de un precioso catamar\u00e1n nuevo. Bebidas incluidas","og_url":"https:\/\/olecanarias.com\/es\/shop\/grancanaria1\/crucero-de-2h-en-catamaran-bebidas-y-snorkel-incluidos-en-el-precio\/","og_site_name":"Ole Canarias! Wyspy Kanaryjskie - atrakcje i wycieczki","article_publisher":"https:\/\/www.facebook.com\/atrakcjenateneryfie","og_image":[{"width":1080,"height":1350,"url":"https:\/\/olecanarias.com\/wp-content\/uploads\/2025\/10\/gran-canaria-rejs-katamaranem.jpg","type":"image\/jpeg"}],"twitter_card":"summary_large_image","twitter_misc":{"Tiempo de lectura":"1 minuto"},"schema":{"@context":"https:\/\/schema.org","@graph":[{"@type":"WebPage","@id":"https:\/\/olecanarias.com\/es\/shop\/grancanaria1\/crucero-de-2h-en-catamaran-bebidas-y-snorkel-incluidos-en-el-precio\/","url":"https:\/\/olecanarias.com\/es\/shop\/grancanaria1\/crucero-de-2h-en-catamaran-bebidas-y-snorkel-incluidos-en-el-precio\/","name":"Gran Canaria - Crucero en catamar\u00e1n 2h | OleCanarias","isPartOf":{"@id":"https:\/\/olecanarias.com\/es\/#website"},"primaryImageOfPage":{"@id":"https:\/\/olecanarias.com\/es\/shop\/grancanaria1\/crucero-de-2h-en-catamaran-bebidas-y-snorkel-incluidos-en-el-precio\/#primaryimage"},"image":{"@id":"https:\/\/olecanarias.com\/es\/shop\/grancanaria1\/crucero-de-2h-en-catamaran-bebidas-y-snorkel-incluidos-en-el-precio\/#primaryimage"},"thumbnailUrl":"https:\/\/olecanarias.com\/wp-content\/uploads\/2025\/10\/gran-canaria-rejs-katamaranem.jpg","datePublished":"2025-10-22T08:32:39+00:00","description":"Un crucero en catamar\u00e1n de 2h en Gran Canaria es la opci\u00f3n ideal para quienes quieran ver la costa de la isla desde la cubierta de un precioso catamar\u00e1n nuevo. Bebidas incluidas","breadcrumb":{"@id":"https:\/\/olecanarias.com\/es\/shop\/grancanaria1\/crucero-de-2h-en-catamaran-bebidas-y-snorkel-incluidos-en-el-precio\/#breadcrumb"},"inLanguage":"es","potentialAction":[{"@type":"ReadAction","target":["https:\/\/olecanarias.com\/es\/shop\/grancanaria1\/crucero-de-2h-en-catamaran-bebidas-y-snorkel-incluidos-en-el-precio\/"]}]},{"@type":"ImageObject","inLanguage":"es","@id":"https:\/\/olecanarias.com\/es\/shop\/grancanaria1\/crucero-de-2h-en-catamaran-bebidas-y-snorkel-incluidos-en-el-precio\/#primaryimage","url":"https:\/\/olecanarias.com\/wp-content\/uploads\/2025\/10\/gran-canaria-rejs-katamaranem.jpg","contentUrl":"https:\/\/olecanarias.com\/wp-content\/uploads\/2025\/10\/gran-canaria-rejs-katamaranem.jpg","width":1080,"height":1350,"caption":"atracciones de gran canaria"},{"@type":"BreadcrumbList","@id":"https:\/\/olecanarias.com\/es\/shop\/grancanaria1\/crucero-de-2h-en-catamaran-bebidas-y-snorkel-incluidos-en-el-precio\/#breadcrumb","itemListElement":[{"@type":"ListItem","position":1,"name":"OleCanarias.com","item":"https:\/\/olecanarias.com\/es\/"},{"@type":"ListItem","position":2,"name":"Productos","item":"https:\/\/olecanarias.com\/es\/shop\/"},{"@type":"ListItem","position":3,"name":"Crucero de 2h en catamar\u00e1n &#8211; bebidas y snorkel incluidos en el precio"}]},{"@type":"WebSite","@id":"https:\/\/olecanarias.com\/es\/#website","url":"https:\/\/olecanarias.com\/es\/","name":"Ole Tenerife!","description":"Wszystkie atrakcje i wycieczki na Wyspach Kanaryjskich w jednym miejscu","alternateName":"OleTenerife!","potentialAction":[{"@type":"SearchAction","target":{"@type":"EntryPoint","urlTemplate":"https:\/\/olecanarias.com\/es\/?s={search_term_string}"},"query-input":{"@type":"PropertyValueSpecification","valueRequired":true,"valueName":"search_term_string"}}],"inLanguage":"es"}]}},"_links":{"self":[{"href":"https:\/\/olecanarias.com\/es\/wp-json\/wp\/v2\/product\/13780","targetHints":{"allow":["GET"]}}],"collection":[{"href":"https:\/\/olecanarias.com\/es\/wp-json\/wp\/v2\/product"}],"about":[{"href":"https:\/\/olecanarias.com\/es\/wp-json\/wp\/v2\/types\/product"}],"wp:featuredmedia":[{"embeddable":true,"href":"https:\/\/olecanarias.com\/es\/wp-json\/wp\/v2\/media\/13238"}],"wp:attachment":[{"href":"https:\/\/olecanarias.com\/es\/wp-json\/wp\/v2\/media?parent=13780"}],"wp:term":[{"taxonomy":"product_brand","embeddable":true,"href":"https:\/\/olecanarias.com\/es\/wp-json\/wp\/v2\/product_brand?post=13780"},{"taxonomy":"product_cat","embeddable":true,"href":"https:\/\/olecanarias.com\/es\/wp-json\/wp\/v2\/product_cat?post=13780"},{"taxonomy":"product_tag","embeddable":true,"href":"https:\/\/olecanarias.com\/es\/wp-json\/wp\/v2\/product_tag?post=13780"}],"curies":[{"name":"wp","href":"https:\/\/api.w.org\/{rel}","templated":true}]}}