{"id":14046,"date":"2025-11-19T10:59:57","date_gmt":"2025-11-19T09:59:57","guid":{"rendered":"https:\/\/olecanarias.com\/shop\/brand\/moto-acuatica-1h\/"},"modified":"2025-11-19T11:09:32","modified_gmt":"2025-11-19T10:09:32","slug":"moto-acuatica-1h","status":"publish","type":"product","link":"https:\/\/olecanarias.com\/es\/shop\/grancanaria1\/moto-acuatica-1h\/","title":{"rendered":"Moto acu\u00e1tica 1h"},"content":{"rendered":"<p>\u00a1Vive un safari en moto acu\u00e1tica de una hora y descubre la costa sur de Gran Canaria desde una perspectiva totalmente nueva! Conduce tu propia moto acu\u00e1tica y siente el viento en tu pelo y la adrenalina de las olas del mar. <\/p>\n<p>Partiendo de Taurito o Puerto de Mog\u00e1n, navegar\u00e1s por las monta\u00f1as de Mog\u00e1n y las m\u00e1gicas cuevas marinas de Tasartico.<\/p>\n<p>Si el tiempo lo permite, descubrir\u00e1s los rincones m\u00e1s salvajes y rec\u00f3nditos de la costa sur de la isla. La ruta tambi\u00e9n recorre toda la playa de Tasarte, donde es muy frecuente ver tortugas marinas, peces voladores \u00a1e incluso delfines! <\/p>\n<p>Conducir el scooter es sencillo y seguro: no se necesita experiencia. Pueden conducir solos los mayores de 16 a\u00f1os (los de 16 a 18 a\u00f1os necesitan un permiso por escrito de un tutor). El safari puede realizarse en solitario o a d\u00fao con un ser querido: ideal para parejas, amigos y familias enteras.  <\/p>\n<p>Importante: la actividad depende de las condiciones meteorol\u00f3gicas. En caso de inclemencias meteorol\u00f3gicas, el paseo podr\u00e1 aplazarse y el recorrido ajustarse para garantizar la seguridad de los participantes. <\/p>\n<p>\u00a1\u00danete a Jet Ski Gran Canaria para vivir una experiencia inolvidable llena de adrenalina, aventura y hermosas vistas!<\/p>\n","protected":false},"excerpt":{"rendered":"<p>\u00a1Vive un safari en moto acu\u00e1tica de una hora y descubre la costa sur de Gran Canaria desde una perspectiva totalmente nueva! Conduce tu propia moto acu\u00e1tica y siente el viento en tu pelo y la adrenalina de las olas del mar. Partiendo de Taurito o Puerto de Mog\u00e1n, navegar\u00e1s por las monta\u00f1as de Mog\u00e1n [&hellip;]<\/p>\n","protected":false},"featured_media":14034,"template":"","meta":{"_acf_changed":false},"product_brand":[1213],"product_cat":[1347,1557,1626],"product_tag":[1396,1638,1353,1354,1637,1639,1351,1349,1640,1360,1563],"class_list":{"0":"post-14046","1":"product","2":"type-product","3":"status-publish","4":"has-post-thumbnail","6":"product_brand-grancanaria1","7":"product_cat-todas-las-atracciones","8":"product_cat-adrenalina","9":"product_cat-deportes-acuaticos","10":"product_tag-atracciones-de-gran-canaria","11":"product_tag-excursiones-opcionales-en-gran-canaria","12":"product_tag-gran-canaria","13":"product_tag-gran-canaria-en-polaco","14":"product_tag-moto-de-agua-gran-canaria","15":"product_tag-motos-de-agua-gran-canaria","16":"product_tag-ole-canarias","17":"product_tag-olecanarias","18":"product_tag-puerto-moga","19":"product_tag-puerto-mogan","20":"product_tag-que-hacer-en-gran-canaria","22":"first","23":"instock","24":"virtual","25":"sold-individually","26":"purchasable","27":"product-type-booking"},"acf":[],"yoast_head":"<!-- This site is optimized with the Yoast SEO plugin v26.0 - https:\/\/yoast.com\/wordpress\/plugins\/seo\/ -->\n<title>Moto acu\u00e1tica 1h - Ole Canarias! Wyspy Kanaryjskie - atrakcje i wycieczki<\/title>\n<meta name=\"description\" content=\"Vive una gran aventura - jet ski Gran Canaria - \u00a1conduce una moto acu\u00e1tica y contempla la costa del sur de Gran Canaria desde el asiento de una moto acu\u00e1tica!\" \/>\n<meta name=\"robots\" content=\"index, follow, max-snippet:-1, max-image-preview:large, max-video-preview:-1\" \/>\n<link rel=\"canonical\" href=\"https:\/\/olecanarias.com\/es\/shop\/grancanaria1\/moto-acuatica-1h\/\" \/>\n<meta property=\"og:locale\" content=\"es_ES\" \/>\n<meta property=\"og:type\" content=\"article\" \/>\n<meta property=\"og:title\" content=\"Moto acu\u00e1tica 1h - Ole Canarias! Wyspy Kanaryjskie - atrakcje i wycieczki\" \/>\n<meta property=\"og:description\" content=\"Vive una gran aventura - jet ski Gran Canaria - \u00a1conduce una moto acu\u00e1tica y contempla la costa del sur de Gran Canaria desde el asiento de una moto acu\u00e1tica!\" \/>\n<meta property=\"og:url\" content=\"https:\/\/olecanarias.com\/es\/shop\/grancanaria1\/moto-acuatica-1h\/\" \/>\n<meta property=\"og:site_name\" content=\"Ole Canarias! Wyspy Kanaryjskie - atrakcje i wycieczki\" \/>\n<meta property=\"article:publisher\" content=\"https:\/\/www.facebook.com\/atrakcjenateneryfie\" \/>\n<meta property=\"article:modified_time\" content=\"2025-11-19T10:09:32+00:00\" \/>\n<meta property=\"og:image\" content=\"https:\/\/olecanarias.com\/wp-content\/uploads\/2025\/11\/gran-canaria-jetski.jpg\" \/>\n\t<meta property=\"og:image:width\" content=\"929\" \/>\n\t<meta property=\"og:image:height\" content=\"1161\" \/>\n\t<meta property=\"og:image:type\" content=\"image\/jpeg\" \/>\n<meta name=\"twitter:card\" content=\"summary_large_image\" \/>\n<meta name=\"twitter:label1\" content=\"Tiempo de lectura\" \/>\n\t<meta name=\"twitter:data1\" content=\"1 minuto\" \/>\n<script type=\"application\/ld+json\" class=\"yoast-schema-graph\">{\"@context\":\"https:\/\/schema.org\",\"@graph\":[{\"@type\":\"WebPage\",\"@id\":\"https:\/\/olecanarias.com\/es\/shop\/grancanaria1\/moto-acuatica-1h\/\",\"url\":\"https:\/\/olecanarias.com\/es\/shop\/grancanaria1\/moto-acuatica-1h\/\",\"name\":\"Moto acu\u00e1tica 1h - Ole Canarias! Wyspy Kanaryjskie - atrakcje i wycieczki\",\"isPartOf\":{\"@id\":\"https:\/\/olecanarias.com\/es\/#website\"},\"primaryImageOfPage\":{\"@id\":\"https:\/\/olecanarias.com\/es\/shop\/grancanaria1\/moto-acuatica-1h\/#primaryimage\"},\"image\":{\"@id\":\"https:\/\/olecanarias.com\/es\/shop\/grancanaria1\/moto-acuatica-1h\/#primaryimage\"},\"thumbnailUrl\":\"https:\/\/olecanarias.com\/wp-content\/uploads\/2025\/11\/gran-canaria-jetski.jpg\",\"datePublished\":\"2025-11-19T09:59:57+00:00\",\"dateModified\":\"2025-11-19T10:09:32+00:00\",\"description\":\"Vive una gran aventura - jet ski Gran Canaria - \u00a1conduce una moto acu\u00e1tica y contempla la costa del sur de Gran Canaria desde el asiento de una moto acu\u00e1tica!\",\"breadcrumb\":{\"@id\":\"https:\/\/olecanarias.com\/es\/shop\/grancanaria1\/moto-acuatica-1h\/#breadcrumb\"},\"inLanguage\":\"es\",\"potentialAction\":[{\"@type\":\"ReadAction\",\"target\":[\"https:\/\/olecanarias.com\/es\/shop\/grancanaria1\/moto-acuatica-1h\/\"]}]},{\"@type\":\"ImageObject\",\"inLanguage\":\"es\",\"@id\":\"https:\/\/olecanarias.com\/es\/shop\/grancanaria1\/moto-acuatica-1h\/#primaryimage\",\"url\":\"https:\/\/olecanarias.com\/wp-content\/uploads\/2025\/11\/gran-canaria-jetski.jpg\",\"contentUrl\":\"https:\/\/olecanarias.com\/wp-content\/uploads\/2025\/11\/gran-canaria-jetski.jpg\",\"width\":929,\"height\":1161,\"caption\":\"moto de agua gran canaria\"},{\"@type\":\"BreadcrumbList\",\"@id\":\"https:\/\/olecanarias.com\/es\/shop\/grancanaria1\/moto-acuatica-1h\/#breadcrumb\",\"itemListElement\":[{\"@type\":\"ListItem\",\"position\":1,\"name\":\"OleCanarias.com\",\"item\":\"https:\/\/olecanarias.com\/es\/\"},{\"@type\":\"ListItem\",\"position\":2,\"name\":\"Productos\",\"item\":\"https:\/\/olecanarias.com\/es\/shop\/\"},{\"@type\":\"ListItem\",\"position\":3,\"name\":\"Moto acu\u00e1tica 1h\"}]},{\"@type\":\"WebSite\",\"@id\":\"https:\/\/olecanarias.com\/es\/#website\",\"url\":\"https:\/\/olecanarias.com\/es\/\",\"name\":\"Ole Tenerife!\",\"description\":\"Wszystkie atrakcje i wycieczki na Wyspach Kanaryjskich w jednym miejscu\",\"alternateName\":\"OleTenerife!\",\"potentialAction\":[{\"@type\":\"SearchAction\",\"target\":{\"@type\":\"EntryPoint\",\"urlTemplate\":\"https:\/\/olecanarias.com\/es\/?s={search_term_string}\"},\"query-input\":{\"@type\":\"PropertyValueSpecification\",\"valueRequired\":true,\"valueName\":\"search_term_string\"}}],\"inLanguage\":\"es\"}]}<\/script>\n<!-- \/ Yoast SEO plugin. -->","yoast_head_json":{"title":"Moto acu\u00e1tica 1h - Ole Canarias! Wyspy Kanaryjskie - atrakcje i wycieczki","description":"Vive una gran aventura - jet ski Gran Canaria - \u00a1conduce una moto acu\u00e1tica y contempla la costa del sur de Gran Canaria desde el asiento de una moto acu\u00e1tica!","robots":{"index":"index","follow":"follow","max-snippet":"max-snippet:-1","max-image-preview":"max-image-preview:large","max-video-preview":"max-video-preview:-1"},"canonical":"https:\/\/olecanarias.com\/es\/shop\/grancanaria1\/moto-acuatica-1h\/","og_locale":"es_ES","og_type":"article","og_title":"Moto acu\u00e1tica 1h - Ole Canarias! Wyspy Kanaryjskie - atrakcje i wycieczki","og_description":"Vive una gran aventura - jet ski Gran Canaria - \u00a1conduce una moto acu\u00e1tica y contempla la costa del sur de Gran Canaria desde el asiento de una moto acu\u00e1tica!","og_url":"https:\/\/olecanarias.com\/es\/shop\/grancanaria1\/moto-acuatica-1h\/","og_site_name":"Ole Canarias! Wyspy Kanaryjskie - atrakcje i wycieczki","article_publisher":"https:\/\/www.facebook.com\/atrakcjenateneryfie","article_modified_time":"2025-11-19T10:09:32+00:00","og_image":[{"width":929,"height":1161,"url":"https:\/\/olecanarias.com\/wp-content\/uploads\/2025\/11\/gran-canaria-jetski.jpg","type":"image\/jpeg"}],"twitter_card":"summary_large_image","twitter_misc":{"Tiempo de lectura":"1 minuto"},"schema":{"@context":"https:\/\/schema.org","@graph":[{"@type":"WebPage","@id":"https:\/\/olecanarias.com\/es\/shop\/grancanaria1\/moto-acuatica-1h\/","url":"https:\/\/olecanarias.com\/es\/shop\/grancanaria1\/moto-acuatica-1h\/","name":"Moto acu\u00e1tica 1h - Ole Canarias! Wyspy Kanaryjskie - atrakcje i wycieczki","isPartOf":{"@id":"https:\/\/olecanarias.com\/es\/#website"},"primaryImageOfPage":{"@id":"https:\/\/olecanarias.com\/es\/shop\/grancanaria1\/moto-acuatica-1h\/#primaryimage"},"image":{"@id":"https:\/\/olecanarias.com\/es\/shop\/grancanaria1\/moto-acuatica-1h\/#primaryimage"},"thumbnailUrl":"https:\/\/olecanarias.com\/wp-content\/uploads\/2025\/11\/gran-canaria-jetski.jpg","datePublished":"2025-11-19T09:59:57+00:00","dateModified":"2025-11-19T10:09:32+00:00","description":"Vive una gran aventura - jet ski Gran Canaria - \u00a1conduce una moto acu\u00e1tica y contempla la costa del sur de Gran Canaria desde el asiento de una moto acu\u00e1tica!","breadcrumb":{"@id":"https:\/\/olecanarias.com\/es\/shop\/grancanaria1\/moto-acuatica-1h\/#breadcrumb"},"inLanguage":"es","potentialAction":[{"@type":"ReadAction","target":["https:\/\/olecanarias.com\/es\/shop\/grancanaria1\/moto-acuatica-1h\/"]}]},{"@type":"ImageObject","inLanguage":"es","@id":"https:\/\/olecanarias.com\/es\/shop\/grancanaria1\/moto-acuatica-1h\/#primaryimage","url":"https:\/\/olecanarias.com\/wp-content\/uploads\/2025\/11\/gran-canaria-jetski.jpg","contentUrl":"https:\/\/olecanarias.com\/wp-content\/uploads\/2025\/11\/gran-canaria-jetski.jpg","width":929,"height":1161,"caption":"moto de agua gran canaria"},{"@type":"BreadcrumbList","@id":"https:\/\/olecanarias.com\/es\/shop\/grancanaria1\/moto-acuatica-1h\/#breadcrumb","itemListElement":[{"@type":"ListItem","position":1,"name":"OleCanarias.com","item":"https:\/\/olecanarias.com\/es\/"},{"@type":"ListItem","position":2,"name":"Productos","item":"https:\/\/olecanarias.com\/es\/shop\/"},{"@type":"ListItem","position":3,"name":"Moto acu\u00e1tica 1h"}]},{"@type":"WebSite","@id":"https:\/\/olecanarias.com\/es\/#website","url":"https:\/\/olecanarias.com\/es\/","name":"Ole Tenerife!","description":"Wszystkie atrakcje i wycieczki na Wyspach Kanaryjskich w jednym miejscu","alternateName":"OleTenerife!","potentialAction":[{"@type":"SearchAction","target":{"@type":"EntryPoint","urlTemplate":"https:\/\/olecanarias.com\/es\/?s={search_term_string}"},"query-input":{"@type":"PropertyValueSpecification","valueRequired":true,"valueName":"search_term_string"}}],"inLanguage":"es"}]}},"_links":{"self":[{"href":"https:\/\/olecanarias.com\/es\/wp-json\/wp\/v2\/product\/14046","targetHints":{"allow":["GET"]}}],"collection":[{"href":"https:\/\/olecanarias.com\/es\/wp-json\/wp\/v2\/product"}],"about":[{"href":"https:\/\/olecanarias.com\/es\/wp-json\/wp\/v2\/types\/product"}],"wp:featuredmedia":[{"embeddable":true,"href":"https:\/\/olecanarias.com\/es\/wp-json\/wp\/v2\/media\/14034"}],"wp:attachment":[{"href":"https:\/\/olecanarias.com\/es\/wp-json\/wp\/v2\/media?parent=14046"}],"wp:term":[{"taxonomy":"product_brand","embeddable":true,"href":"https:\/\/olecanarias.com\/es\/wp-json\/wp\/v2\/product_brand?post=14046"},{"taxonomy":"product_cat","embeddable":true,"href":"https:\/\/olecanarias.com\/es\/wp-json\/wp\/v2\/product_cat?post=14046"},{"taxonomy":"product_tag","embeddable":true,"href":"https:\/\/olecanarias.com\/es\/wp-json\/wp\/v2\/product_tag?post=14046"}],"curies":[{"name":"wp","href":"https:\/\/api.w.org\/{rel}","templated":true}]}}