{"id":14336,"date":"2026-01-16T14:19:07","date_gmt":"2026-01-16T13:19:07","guid":{"rendered":"https:\/\/olecanarias.com\/shop\/brand\/\/"},"modified":"2026-02-07T09:39:03","modified_gmt":"2026-02-07T08:39:03","slug":"vuelta-a-gran-canaria-excursiones","status":"publish","type":"product","link":"https:\/\/olecanarias.com\/es\/shop\/grancanaria1\/vuelta-a-gran-canaria-excursiones\/","title":{"rendered":"Vuelta a la isla polaca con LAS PALMAS"},"content":{"rendered":"<p>Una <strong>excursi\u00f3n de ida y vuelta<\/strong> de un d\u00eda completo <strong>por Gran Canaria<\/strong> que te permite ver sus paisajes m\u00e1s diversos en una sola jornada. El itinerario te lleva alrededor de la isla y combina costa, monta\u00f1a, miradores y pueblos locales La excursi\u00f3n se realiza con un gu\u00eda polaco y es apta para todas las edades. <\/p>\n<h2><b>\u00bfC\u00f3mo es el recorrido?<\/b><\/h2>\n<p>La excursi\u00f3n comienza <b>con la recogida por la ma\u00f1ana en tu hotel o en un punto de recogida designado<\/b>, para que puedas centrarte \u00fanicamente en descubrir la isla desde el principio. Si s\u00f3lo visitas Gran Canaria por un d\u00eda en un crucero, no hay problema: \u00a1te recogeremos en el puerto! A continuaci\u00f3n, nos embarcaremos en <b> un itinerario <\/b>por <b>el sur, oeste y norte de Gran Canaria<\/b>, uno de los viajes de ida y vuelta m\u00e1s completos que existen en la isla.  <\/p>\n<p>La primera parada son las <b>Dunas de Maspalomas<\/b>, un icono de Gran Canaria y un lugar que impresiona por el contraste de las arenas doradas y el azul del oc\u00e9ano. Es el momento perfecto para hacer tus primeras fotos y hacerte una idea del clima \u00fanico de la isla. La siguiente parada es <b>el Puerto de Mog\u00e1n<\/b>, apodado la \u00abVenecia canaria\u00bb, un pintoresco puerto con coloridos edificios, flores y canales, donde dispondr\u00e1s de tiempo libre para pasear, tomar un caf\u00e9 o comprar recuerdos.  <\/p>\n<p>El resto de la ruta te lleva por los espectaculares paisajes del oeste de Gran Canaria. Veremos las extraordinarias rocas multicolores de <b>Los Azulejos<\/b> y luego nos detendremos en <b>el Mirador del Balc\u00f3n<\/b>, uno de los miradores m\u00e1s impresionantes de la isla. La vista de los escarpados acantilados hundi\u00e9ndose en el oc\u00e9ano es un momento para recordar durante mucho tiempo.  <\/p>\n<p>Al final del recorrido, llegamos al norte de la isla, al verde valle de <b>Agaete<\/b>, donde se encuentra <b>la \u00fanica plantaci\u00f3n comercial de caf\u00e9 de Europa<\/b>. Un paseo por la plantaci\u00f3n combinado con <b>una degustaci\u00f3n de productos locales en forma de tapas<\/b> es el colof\u00f3n perfecto a un d\u00eda lleno de emociones y aut\u00e9nticos sabores canarios. <\/p>\n<h2><b>\u00bfDesde d\u00f3nde parte el recorrido?<\/b><\/h2>\n<p>Te recogeremos <b>directamente en tu hotel o en sus alrededores en Las Palmas. Tambi\u00e9n podemos recogerte en el puerto de Las Palmas si llegas en crucero <\/b>, entre <b>las 8:00 y las 8:45<\/b>, dependiendo de tu ubicaci\u00f3n.<\/p>\n<p>&nbsp;<\/p>\n<p>Echa un vistazo a nuestras redes sociales:<\/p>\n<p>&#8211; Instagram: <a href=\"https:\/\/www.instagram.com\/ole.grancanaria\/\">https:\/\/www.instagram.com\/olecanarias\/<\/a><\/p>\n<p>&nbsp;<\/p>\n","protected":false},"excerpt":{"rendered":"<p>Una excursi\u00f3n de ida y vuelta de un d\u00eda completo por Gran Canaria que te permite ver sus paisajes m\u00e1s diversos en una sola jornada. El itinerario te lleva alrededor de la isla y combina costa, monta\u00f1a, miradores y pueblos locales La excursi\u00f3n se realiza con un gu\u00eda polaco y es apta para todas las [&hellip;]<\/p>\n","protected":false},"featured_media":14332,"template":"","meta":{"_acf_changed":false},"product_brand":[1213],"product_cat":[1347,1348],"product_tag":[1828,1829,1638,1353,1354,1821,1820,1819,1826,1827,1399,1830,1825,1824,1351,1349,1823,1822,1818],"class_list":{"0":"post-14336","1":"product","2":"type-product","3":"status-publish","4":"has-post-thumbnail","6":"product_brand-grancanaria1","7":"product_cat-todas-las-atracciones","8":"product_cat-visitas","9":"product_tag-agaete","10":"product_tag-agaete-gran-canaria","11":"product_tag-excursiones-opcionales-en-gran-canaria","12":"product_tag-gran-canaria","13":"product_tag-gran-canaria-en-polaco","14":"product_tag-gran-canaria-excursiones-opcionales-en-polonia","15":"product_tag-gran-canaria-viajes-por-carretera-en-polonia","16":"product_tag-las-palmas","17":"product_tag-los-azulejos","18":"product_tag-los-azulejos-gran-canaria","19":"product_tag-maspalomas","20":"product_tag-mirador-del-balcon","21":"product_tag-mogan-gran-canaria","22":"product_tag-mogan-gran-canarias","23":"product_tag-ole-canarias","24":"product_tag-olecanarias","25":"product_tag-puerto-de-mogan","26":"product_tag-viaje-en-autocar-a-gran-canaria","27":"product_tag-viaje-por-carretera-gran-canaria","29":"first","30":"instock","31":"virtual","32":"sold-individually","33":"purchasable","34":"product-type-booking"},"acf":[],"yoast_head":"<!-- This site is optimized with the Yoast SEO plugin v26.0 - https:\/\/yoast.com\/wordpress\/plugins\/seo\/ -->\n<title>Vuelta a la isla polaca con LAS PALMAS - Ole Canarias! Wyspy Kanaryjskie - atrakcje i wycieczki<\/title>\n<meta name=\"description\" content=\"Gran Canaria - viaje de ida y vuelta con un gu\u00eda polaco. Conoce los lugares m\u00e1s interesantes de la isla en 1 d\u00eda. Compru\u00e9balo en OleCanarias.com\" \/>\n<meta name=\"robots\" content=\"index, follow, max-snippet:-1, max-image-preview:large, max-video-preview:-1\" \/>\n<link rel=\"canonical\" href=\"https:\/\/olecanarias.com\/es\/shop\/grancanaria1\/vuelta-a-gran-canaria-excursiones\/\" \/>\n<meta property=\"og:locale\" content=\"es_ES\" \/>\n<meta property=\"og:type\" content=\"article\" \/>\n<meta property=\"og:title\" content=\"Vuelta a la isla polaca con LAS PALMAS - Ole Canarias! Wyspy Kanaryjskie - atrakcje i wycieczki\" \/>\n<meta property=\"og:description\" content=\"Gran Canaria - viaje de ida y vuelta con un gu\u00eda polaco. Conoce los lugares m\u00e1s interesantes de la isla en 1 d\u00eda. Compru\u00e9balo en OleCanarias.com\" \/>\n<meta property=\"og:url\" content=\"https:\/\/olecanarias.com\/es\/shop\/grancanaria1\/vuelta-a-gran-canaria-excursiones\/\" \/>\n<meta property=\"og:site_name\" content=\"Ole Canarias! Wyspy Kanaryjskie - atrakcje i wycieczki\" \/>\n<meta property=\"article:publisher\" content=\"https:\/\/www.facebook.com\/atrakcjenateneryfie\" \/>\n<meta property=\"article:modified_time\" content=\"2026-02-07T08:39:03+00:00\" \/>\n<meta property=\"og:image\" content=\"https:\/\/olecanarias.com\/wp-content\/uploads\/2026\/01\/gran-canaria-wycieczka-objazdowa.jpg\" \/>\n\t<meta property=\"og:image:width\" content=\"1639\" \/>\n\t<meta property=\"og:image:height\" content=\"2048\" \/>\n\t<meta property=\"og:image:type\" content=\"image\/jpeg\" \/>\n<meta name=\"twitter:card\" content=\"summary_large_image\" \/>\n<meta name=\"twitter:label1\" content=\"Tiempo de lectura\" \/>\n\t<meta name=\"twitter:data1\" content=\"3 minutos\" \/>\n<script type=\"application\/ld+json\" class=\"yoast-schema-graph\">{\"@context\":\"https:\/\/schema.org\",\"@graph\":[{\"@type\":\"WebPage\",\"@id\":\"https:\/\/olecanarias.com\/es\/shop\/grancanaria1\/vuelta-a-gran-canaria-excursiones\/\",\"url\":\"https:\/\/olecanarias.com\/es\/shop\/grancanaria1\/vuelta-a-gran-canaria-excursiones\/\",\"name\":\"Vuelta a la isla polaca con LAS PALMAS - Ole Canarias! Wyspy Kanaryjskie - atrakcje i wycieczki\",\"isPartOf\":{\"@id\":\"https:\/\/olecanarias.com\/es\/#website\"},\"primaryImageOfPage\":{\"@id\":\"https:\/\/olecanarias.com\/es\/shop\/grancanaria1\/vuelta-a-gran-canaria-excursiones\/#primaryimage\"},\"image\":{\"@id\":\"https:\/\/olecanarias.com\/es\/shop\/grancanaria1\/vuelta-a-gran-canaria-excursiones\/#primaryimage\"},\"thumbnailUrl\":\"https:\/\/olecanarias.com\/wp-content\/uploads\/2026\/01\/gran-canaria-wycieczka-objazdowa.jpg\",\"datePublished\":\"2026-01-16T13:19:07+00:00\",\"dateModified\":\"2026-02-07T08:39:03+00:00\",\"description\":\"Gran Canaria - viaje de ida y vuelta con un gu\u00eda polaco. Conoce los lugares m\u00e1s interesantes de la isla en 1 d\u00eda. Compru\u00e9balo en OleCanarias.com\",\"breadcrumb\":{\"@id\":\"https:\/\/olecanarias.com\/es\/shop\/grancanaria1\/vuelta-a-gran-canaria-excursiones\/#breadcrumb\"},\"inLanguage\":\"es\",\"potentialAction\":[{\"@type\":\"ReadAction\",\"target\":[\"https:\/\/olecanarias.com\/es\/shop\/grancanaria1\/vuelta-a-gran-canaria-excursiones\/\"]}]},{\"@type\":\"ImageObject\",\"inLanguage\":\"es\",\"@id\":\"https:\/\/olecanarias.com\/es\/shop\/grancanaria1\/vuelta-a-gran-canaria-excursiones\/#primaryimage\",\"url\":\"https:\/\/olecanarias.com\/wp-content\/uploads\/2026\/01\/gran-canaria-wycieczka-objazdowa.jpg\",\"contentUrl\":\"https:\/\/olecanarias.com\/wp-content\/uploads\/2026\/01\/gran-canaria-wycieczka-objazdowa.jpg\",\"width\":1639,\"height\":2048,\"caption\":\"gran canaria maspalomas viaje por carretera\"},{\"@type\":\"BreadcrumbList\",\"@id\":\"https:\/\/olecanarias.com\/es\/shop\/grancanaria1\/vuelta-a-gran-canaria-excursiones\/#breadcrumb\",\"itemListElement\":[{\"@type\":\"ListItem\",\"position\":1,\"name\":\"OleCanarias.com\",\"item\":\"https:\/\/olecanarias.com\/es\/\"},{\"@type\":\"ListItem\",\"position\":2,\"name\":\"Productos\",\"item\":\"https:\/\/olecanarias.com\/es\/shop\/\"},{\"@type\":\"ListItem\",\"position\":3,\"name\":\"Vuelta a la isla polaca con LAS PALMAS\"}]},{\"@type\":\"WebSite\",\"@id\":\"https:\/\/olecanarias.com\/es\/#website\",\"url\":\"https:\/\/olecanarias.com\/es\/\",\"name\":\"Ole Tenerife!\",\"description\":\"Wszystkie atrakcje i wycieczki na Wyspach Kanaryjskich w jednym miejscu\",\"alternateName\":\"OleTenerife!\",\"potentialAction\":[{\"@type\":\"SearchAction\",\"target\":{\"@type\":\"EntryPoint\",\"urlTemplate\":\"https:\/\/olecanarias.com\/es\/?s={search_term_string}\"},\"query-input\":{\"@type\":\"PropertyValueSpecification\",\"valueRequired\":true,\"valueName\":\"search_term_string\"}}],\"inLanguage\":\"es\"}]}<\/script>\n<!-- \/ Yoast SEO plugin. -->","yoast_head_json":{"title":"Vuelta a la isla polaca con LAS PALMAS - Ole Canarias! Wyspy Kanaryjskie - atrakcje i wycieczki","description":"Gran Canaria - viaje de ida y vuelta con un gu\u00eda polaco. Conoce los lugares m\u00e1s interesantes de la isla en 1 d\u00eda. Compru\u00e9balo en OleCanarias.com","robots":{"index":"index","follow":"follow","max-snippet":"max-snippet:-1","max-image-preview":"max-image-preview:large","max-video-preview":"max-video-preview:-1"},"canonical":"https:\/\/olecanarias.com\/es\/shop\/grancanaria1\/vuelta-a-gran-canaria-excursiones\/","og_locale":"es_ES","og_type":"article","og_title":"Vuelta a la isla polaca con LAS PALMAS - Ole Canarias! Wyspy Kanaryjskie - atrakcje i wycieczki","og_description":"Gran Canaria - viaje de ida y vuelta con un gu\u00eda polaco. Conoce los lugares m\u00e1s interesantes de la isla en 1 d\u00eda. Compru\u00e9balo en OleCanarias.com","og_url":"https:\/\/olecanarias.com\/es\/shop\/grancanaria1\/vuelta-a-gran-canaria-excursiones\/","og_site_name":"Ole Canarias! Wyspy Kanaryjskie - atrakcje i wycieczki","article_publisher":"https:\/\/www.facebook.com\/atrakcjenateneryfie","article_modified_time":"2026-02-07T08:39:03+00:00","og_image":[{"width":1639,"height":2048,"url":"https:\/\/olecanarias.com\/wp-content\/uploads\/2026\/01\/gran-canaria-wycieczka-objazdowa.jpg","type":"image\/jpeg"}],"twitter_card":"summary_large_image","twitter_misc":{"Tiempo de lectura":"3 minutos"},"schema":{"@context":"https:\/\/schema.org","@graph":[{"@type":"WebPage","@id":"https:\/\/olecanarias.com\/es\/shop\/grancanaria1\/vuelta-a-gran-canaria-excursiones\/","url":"https:\/\/olecanarias.com\/es\/shop\/grancanaria1\/vuelta-a-gran-canaria-excursiones\/","name":"Vuelta a la isla polaca con LAS PALMAS - Ole Canarias! Wyspy Kanaryjskie - atrakcje i wycieczki","isPartOf":{"@id":"https:\/\/olecanarias.com\/es\/#website"},"primaryImageOfPage":{"@id":"https:\/\/olecanarias.com\/es\/shop\/grancanaria1\/vuelta-a-gran-canaria-excursiones\/#primaryimage"},"image":{"@id":"https:\/\/olecanarias.com\/es\/shop\/grancanaria1\/vuelta-a-gran-canaria-excursiones\/#primaryimage"},"thumbnailUrl":"https:\/\/olecanarias.com\/wp-content\/uploads\/2026\/01\/gran-canaria-wycieczka-objazdowa.jpg","datePublished":"2026-01-16T13:19:07+00:00","dateModified":"2026-02-07T08:39:03+00:00","description":"Gran Canaria - viaje de ida y vuelta con un gu\u00eda polaco. Conoce los lugares m\u00e1s interesantes de la isla en 1 d\u00eda. Compru\u00e9balo en OleCanarias.com","breadcrumb":{"@id":"https:\/\/olecanarias.com\/es\/shop\/grancanaria1\/vuelta-a-gran-canaria-excursiones\/#breadcrumb"},"inLanguage":"es","potentialAction":[{"@type":"ReadAction","target":["https:\/\/olecanarias.com\/es\/shop\/grancanaria1\/vuelta-a-gran-canaria-excursiones\/"]}]},{"@type":"ImageObject","inLanguage":"es","@id":"https:\/\/olecanarias.com\/es\/shop\/grancanaria1\/vuelta-a-gran-canaria-excursiones\/#primaryimage","url":"https:\/\/olecanarias.com\/wp-content\/uploads\/2026\/01\/gran-canaria-wycieczka-objazdowa.jpg","contentUrl":"https:\/\/olecanarias.com\/wp-content\/uploads\/2026\/01\/gran-canaria-wycieczka-objazdowa.jpg","width":1639,"height":2048,"caption":"gran canaria maspalomas viaje por carretera"},{"@type":"BreadcrumbList","@id":"https:\/\/olecanarias.com\/es\/shop\/grancanaria1\/vuelta-a-gran-canaria-excursiones\/#breadcrumb","itemListElement":[{"@type":"ListItem","position":1,"name":"OleCanarias.com","item":"https:\/\/olecanarias.com\/es\/"},{"@type":"ListItem","position":2,"name":"Productos","item":"https:\/\/olecanarias.com\/es\/shop\/"},{"@type":"ListItem","position":3,"name":"Vuelta a la isla polaca con LAS PALMAS"}]},{"@type":"WebSite","@id":"https:\/\/olecanarias.com\/es\/#website","url":"https:\/\/olecanarias.com\/es\/","name":"Ole Tenerife!","description":"Wszystkie atrakcje i wycieczki na Wyspach Kanaryjskich w jednym miejscu","alternateName":"OleTenerife!","potentialAction":[{"@type":"SearchAction","target":{"@type":"EntryPoint","urlTemplate":"https:\/\/olecanarias.com\/es\/?s={search_term_string}"},"query-input":{"@type":"PropertyValueSpecification","valueRequired":true,"valueName":"search_term_string"}}],"inLanguage":"es"}]}},"_links":{"self":[{"href":"https:\/\/olecanarias.com\/es\/wp-json\/wp\/v2\/product\/14336","targetHints":{"allow":["GET"]}}],"collection":[{"href":"https:\/\/olecanarias.com\/es\/wp-json\/wp\/v2\/product"}],"about":[{"href":"https:\/\/olecanarias.com\/es\/wp-json\/wp\/v2\/types\/product"}],"wp:featuredmedia":[{"embeddable":true,"href":"https:\/\/olecanarias.com\/es\/wp-json\/wp\/v2\/media\/14332"}],"wp:attachment":[{"href":"https:\/\/olecanarias.com\/es\/wp-json\/wp\/v2\/media?parent=14336"}],"wp:term":[{"taxonomy":"product_brand","embeddable":true,"href":"https:\/\/olecanarias.com\/es\/wp-json\/wp\/v2\/product_brand?post=14336"},{"taxonomy":"product_cat","embeddable":true,"href":"https:\/\/olecanarias.com\/es\/wp-json\/wp\/v2\/product_cat?post=14336"},{"taxonomy":"product_tag","embeddable":true,"href":"https:\/\/olecanarias.com\/es\/wp-json\/wp\/v2\/product_tag?post=14336"}],"curies":[{"name":"wp","href":"https:\/\/api.w.org\/{rel}","templated":true}]}}