{"id":14597,"date":"2026-02-09T22:54:17","date_gmt":"2026-02-09T21:54:17","guid":{"rendered":"https:\/\/olecanarias.com\/shop\/brand\/surf\/"},"modified":"2026-02-10T22:05:59","modified_gmt":"2026-02-10T21:05:59","slug":"surf","status":"publish","type":"product","link":"https:\/\/olecanarias.com\/es\/shop\/grancanaria1\/surf\/","title":{"rendered":"Surf"},"content":{"rendered":"<div class=\"relative basis-auto flex-col -mb-(--composer-overlap-px) [--composer-overlap-px:28px] grow flex\">\n<div class=\"flex flex-col text-sm pb-25\">\n<article class=\"text-token-text-primary w-full focus:outline-none [--shadow-height:45px] has-data-writing-block:pointer-events-none has-data-writing-block:-mt-(--shadow-height) has-data-writing-block:pt-(--shadow-height) [&amp;:has([data-writing-block])&gt;*]:pointer-events-auto [content-visibility:auto] supports-[content-visibility:auto]:[contain-intrinsic-size:auto_100lvh] scroll-mt-[calc(var(--header-height)+min(200px,max(70px,20svh)))]\" dir=\"auto\" tabindex=\"-1\" data-turn-id=\"188f759a-d6f0-4fcf-b581-bb33031e7219\" data-testid=\"conversation-turn-2\" data-scroll-anchor=\"true\" data-turn=\"assistant\">\n<div class=\"text-base my-auto mx-auto pb-10 [--thread-content-margin:--spacing(4)] @w-sm\/main:[--thread-content-margin:--spacing(6)] @w-lg\/main:[--thread-content-margin:--spacing(16)] px-(--thread-content-margin)\">\n<div class=\"[--thread-content-max-width:40rem] @w-lg\/main:[--thread-content-max-width:48rem] mx-auto max-w-(--thread-content-max-width) flex-1 group\/turn-messages focus-visible:outline-hidden relative flex w-full min-w-0 flex-col agent-turn\" tabindex=\"-1\">\n<div class=\"flex max-w-full flex-col grow\">\n<div class=\"min-h-8 text-message relative flex w-full flex-col items-end gap-2 text-start break-words whitespace-normal [.text-message+&amp;]:mt-1\" dir=\"auto\" data-message-author-role=\"assistant\" data-message-id=\"188f759a-d6f0-4fcf-b581-bb33031e7219\" data-message-model-slug=\"gpt-5-2\">\n<div class=\"flex w-full flex-col gap-1 empty:hidden first:pt-[1px]\">\n<div class=\"markdown prose dark:prose-invert w-full wrap-break-word light markdown-new-styling\">\n<h3 data-start=\"158\" data-end=\"201\">Una clase de surf en Gran Canaria<\/h3>\n<p data-start=\"203\" data-end=\"429\">\u00a1Vive una aut\u00e9ntica aventura de surf bajo la gu\u00eda de un instructor experimentado! Esta clase de surf es ideal tanto para principiantes como para aquellos que quieran mejorar su t\u00e9cnica en las excelentes condiciones de las Islas Canarias. <\/p>\n<h4 data-start=\"431\" data-end=\"455\">\u00bfQu\u00e9 aspecto tiene la lecci\u00f3n?<\/h4>\n<p data-start=\"457\" data-end=\"643\">Nos reunimos en un punto designado de la playa donde se encuentra la escuela de surf. Se te proporcionar\u00e1 todo el equipo necesario in situ y luego se te guiar\u00e1 paso a paso a trav\u00e9s de un curso de formaci\u00f3n completo: <\/p>\n<ul data-start=\"645\" data-end=\"949\">\n<li data-start=\"645\" data-end=\"715\">\n<p data-start=\"647\" data-end=\"715\"><strong data-start=\"653\" data-end=\"671\">Equipo incluido<\/strong>: tabla de surf y espuma de neopreno<\/p>\n<\/li>\n<li data-start=\"716\" data-end=\"802\">\n<p data-start=\"718\" data-end=\"802\"><strong data-start=\"721\" data-end=\"740\">Teor\u00eda en la playa<\/strong> &#8211; aprox. 15-20 minutos (seguridad, t\u00e9cnica, reglas del oc\u00e9ano) <\/p>\n<\/li>\n<li data-start=\"803\" data-end=\"879\">\n<p data-start=\"805\" data-end=\"879\"><strong data-start=\"808\" data-end=\"829\">Pr\u00e1ctica en el agua<\/strong> &#8211; de 1,5 a 1 hora y 45 minutos de surf intenso <\/p>\n<\/li>\n<li data-start=\"803\" data-end=\"879\">\n<p data-start=\"805\" data-end=\"879\"> <strong data-start=\"886\" data-end=\"907\">Fin de<\/strong> las clases &#8211; regreso a la escuela y fin de las clases<\/p>\n<\/li>\n<\/ul>\n<p data-start=\"805\" data-end=\"879\">La clase es en ingl\u00e9s, alem\u00e1n o espa\u00f1ol, pero no te preocupes, el instructor se asegurar\u00e1 de que lo entiendes todo<\/p>\n<h4 data-start=\"951\" data-end=\"980\">Informaci\u00f3n organizativa<\/h4>\n<ul data-start=\"982\" data-end=\"1207\">\n<li data-start=\"982\" data-end=\"1050\">\n<p data-start=\"984\" data-end=\"1050\"><strong data-start=\"987\" data-end=\"1009\">Punto de encuentro:<\/strong> directamente en la playa de Maspalomas (sin traslado)<\/p>\n<\/li>\n<li data-start=\"982\" data-end=\"1050\"><strong>Las clases tienen lugar de 9.00 a 17.<\/strong> 00 horas &#8211; la hora exacta se determinar\u00e1 tras realizar el pedido<\/li>\n<li data-start=\"1099\" data-end=\"1148\">\n<p data-start=\"1101\" data-end=\"1148\"> <strong data-start=\"1103\" data-end=\"1123\">Opini\u00f3n de los clientes:<\/strong> 100% valoraciones 5\u2605<\/p>\n<\/li>\n<li data-start=\"1149\" data-end=\"1207\">\n<p data-start=\"1151\" data-end=\"1207\">\ud83d\udee1\ufe0f <strong data-start=\"1155\" data-end=\"1173\">Seguro incluido en el precio<\/strong><\/p>\n<\/li>\n<li data-start=\"1149\" data-end=\"1207\"><strong>Elecci\u00f3n de clase en grupo o individual<\/strong> &#8211; selecciona la opci\u00f3n adecuada en el formulario de pedido<\/li>\n<\/ul>\n<h4 data-start=\"1315\" data-end=\"1339\"><strong>Anulaci\u00f3n gratuita<\/strong><\/h4>\n<p data-start=\"1437\" data-end=\"1578\">Pol\u00edtica de cancelaci\u00f3n flexible: puedes cancelar tu atracci\u00f3n sin coste alguno hasta 72 horas antes de la fecha de la atracci\u00f3n<\/p>\n<p data-start=\"1437\" data-end=\"1578\">Es una gran oportunidad para probar el surf de forma segura y profesional, en uno de los mejores lugares para surfear de Europa \ud83c\udf1e\ud83c\udf0a.<\/p>\n<\/div>\n<\/div>\n<\/div>\n<\/div>\n<\/div>\n<\/div>\n<\/article>\n<\/div>\n<\/div>\n","protected":false},"excerpt":{"rendered":"<p>Una clase de surf en Gran Canaria \u00a1Vive una aut\u00e9ntica aventura de surf bajo la gu\u00eda de un instructor experimentado! Esta clase de surf es ideal tanto para principiantes como para aquellos que quieran mejorar su t\u00e9cnica en las excelentes condiciones de las Islas Canarias. \u00bfQu\u00e9 aspecto tiene la lecci\u00f3n? Nos reunimos en un punto [&hellip;]<\/p>\n","protected":false},"featured_media":14591,"template":"","meta":{"_acf_changed":false},"product_brand":[1213],"product_cat":[1347,1626,1577],"product_tag":[1396,1983,1980,1353,1981,1399,1982,1351,1349,1994,1979,1357,1363],"class_list":{"0":"post-14597","1":"product","2":"type-product","3":"status-publish","4":"has-post-thumbnail","6":"product_brand-grancanaria1","7":"product_cat-todas-las-atracciones","8":"product_cat-deportes-acuaticos","9":"product_cat-gran-canaria","10":"product_tag-atracciones-de-gran-canaria","11":"product_tag-atracciones-de-maspalomas","12":"product_tag-clases-de-surf-en-gran-canaria","13":"product_tag-gran-canaria","14":"product_tag-gran-canaria-donde-surfear","15":"product_tag-maspalomas","16":"product_tag-maspalomas-gran-canaria","17":"product_tag-ole-canarias","18":"product_tag-olecanarias","19":"product_tag-surf-en-gran-canaria-2","20":"product_tag-surf-en-gran-canaria","21":"product_tag-vacaciones-en-gran-canaria","22":"product_tag-vacaciones-en-gran-canaria-2","23":"yith_booking_service-numero-de-personas-3-dias-de-clases-en-grupo-2","24":"yith_booking_service-numero-de-personas-5-dias-de-clase-en-grupo-2","25":"yith_booking_service-numero-de-personas-clase-en-grupo-2","26":"yith_booking_service-numero-de-personas-clase-particular-2","28":"first","29":"instock","30":"virtual","31":"sold-individually","32":"purchasable","33":"product-type-booking"},"acf":[],"yoast_head":"<!-- This site is optimized with the Yoast SEO plugin v26.0 - https:\/\/yoast.com\/wordpress\/plugins\/seo\/ -->\n<title>Surf - Ole Canarias! Wyspy Kanaryjskie - atrakcje i wycieczki<\/title>\n<meta name=\"description\" content=\"Surf en Gran Canaria - s\u00fabete a una tabla y coge las olas del Oc\u00e9ano Atl\u00e1ntico. Es una gran aventura tanto para principiantes como para experimentados.\" \/>\n<meta name=\"robots\" content=\"index, follow, max-snippet:-1, max-image-preview:large, max-video-preview:-1\" \/>\n<link rel=\"canonical\" href=\"https:\/\/olecanarias.com\/es\/shop\/grancanaria1\/surf\/\" \/>\n<meta property=\"og:locale\" content=\"es_ES\" \/>\n<meta property=\"og:type\" content=\"article\" \/>\n<meta property=\"og:title\" content=\"Surf - Ole Canarias! Wyspy Kanaryjskie - atrakcje i wycieczki\" \/>\n<meta property=\"og:description\" content=\"Surf en Gran Canaria - s\u00fabete a una tabla y coge las olas del Oc\u00e9ano Atl\u00e1ntico. Es una gran aventura tanto para principiantes como para experimentados.\" \/>\n<meta property=\"og:url\" content=\"https:\/\/olecanarias.com\/es\/shop\/grancanaria1\/surf\/\" \/>\n<meta property=\"og:site_name\" content=\"Ole Canarias! Wyspy Kanaryjskie - atrakcje i wycieczki\" \/>\n<meta property=\"article:publisher\" content=\"https:\/\/www.facebook.com\/atrakcjenateneryfie\" \/>\n<meta property=\"article:modified_time\" content=\"2026-02-10T21:05:59+00:00\" \/>\n<meta property=\"og:image\" content=\"https:\/\/olecanarias.com\/wp-content\/uploads\/2026\/02\/surfing-gran-canaria-1.jpg\" \/>\n\t<meta property=\"og:image:width\" content=\"1082\" \/>\n\t<meta property=\"og:image:height\" content=\"1350\" \/>\n\t<meta property=\"og:image:type\" content=\"image\/jpeg\" \/>\n<meta name=\"twitter:card\" content=\"summary_large_image\" \/>\n<meta name=\"twitter:label1\" content=\"Tiempo de lectura\" \/>\n\t<meta name=\"twitter:data1\" content=\"1 minuto\" \/>\n<script type=\"application\/ld+json\" class=\"yoast-schema-graph\">{\"@context\":\"https:\/\/schema.org\",\"@graph\":[{\"@type\":\"WebPage\",\"@id\":\"https:\/\/olecanarias.com\/es\/shop\/grancanaria1\/surf\/\",\"url\":\"https:\/\/olecanarias.com\/es\/shop\/grancanaria1\/surf\/\",\"name\":\"Surf - Ole Canarias! Wyspy Kanaryjskie - atrakcje i wycieczki\",\"isPartOf\":{\"@id\":\"https:\/\/olecanarias.com\/es\/#website\"},\"primaryImageOfPage\":{\"@id\":\"https:\/\/olecanarias.com\/es\/shop\/grancanaria1\/surf\/#primaryimage\"},\"image\":{\"@id\":\"https:\/\/olecanarias.com\/es\/shop\/grancanaria1\/surf\/#primaryimage\"},\"thumbnailUrl\":\"https:\/\/olecanarias.com\/wp-content\/uploads\/2026\/02\/surfing-gran-canaria-1.jpg\",\"datePublished\":\"2026-02-09T21:54:17+00:00\",\"dateModified\":\"2026-02-10T21:05:59+00:00\",\"description\":\"Surf en Gran Canaria - s\u00fabete a una tabla y coge las olas del Oc\u00e9ano Atl\u00e1ntico. Es una gran aventura tanto para principiantes como para experimentados.\",\"breadcrumb\":{\"@id\":\"https:\/\/olecanarias.com\/es\/shop\/grancanaria1\/surf\/#breadcrumb\"},\"inLanguage\":\"es\",\"potentialAction\":[{\"@type\":\"ReadAction\",\"target\":[\"https:\/\/olecanarias.com\/es\/shop\/grancanaria1\/surf\/\"]}]},{\"@type\":\"ImageObject\",\"inLanguage\":\"es\",\"@id\":\"https:\/\/olecanarias.com\/es\/shop\/grancanaria1\/surf\/#primaryimage\",\"url\":\"https:\/\/olecanarias.com\/wp-content\/uploads\/2026\/02\/surfing-gran-canaria-1.jpg\",\"contentUrl\":\"https:\/\/olecanarias.com\/wp-content\/uploads\/2026\/02\/surfing-gran-canaria-1.jpg\",\"width\":1082,\"height\":1350,\"caption\":\"surfing gran canaria\"},{\"@type\":\"BreadcrumbList\",\"@id\":\"https:\/\/olecanarias.com\/es\/shop\/grancanaria1\/surf\/#breadcrumb\",\"itemListElement\":[{\"@type\":\"ListItem\",\"position\":1,\"name\":\"OleCanarias.com\",\"item\":\"https:\/\/olecanarias.com\/es\/\"},{\"@type\":\"ListItem\",\"position\":2,\"name\":\"Productos\",\"item\":\"https:\/\/olecanarias.com\/es\/shop\/\"},{\"@type\":\"ListItem\",\"position\":3,\"name\":\"Surf\"}]},{\"@type\":\"WebSite\",\"@id\":\"https:\/\/olecanarias.com\/es\/#website\",\"url\":\"https:\/\/olecanarias.com\/es\/\",\"name\":\"Ole Tenerife!\",\"description\":\"Wszystkie atrakcje i wycieczki na Wyspach Kanaryjskich w jednym miejscu\",\"alternateName\":\"OleTenerife!\",\"potentialAction\":[{\"@type\":\"SearchAction\",\"target\":{\"@type\":\"EntryPoint\",\"urlTemplate\":\"https:\/\/olecanarias.com\/es\/?s={search_term_string}\"},\"query-input\":{\"@type\":\"PropertyValueSpecification\",\"valueRequired\":true,\"valueName\":\"search_term_string\"}}],\"inLanguage\":\"es\"}]}<\/script>\n<!-- \/ Yoast SEO plugin. -->","yoast_head_json":{"title":"Surf - Ole Canarias! Wyspy Kanaryjskie - atrakcje i wycieczki","description":"Surf en Gran Canaria - s\u00fabete a una tabla y coge las olas del Oc\u00e9ano Atl\u00e1ntico. Es una gran aventura tanto para principiantes como para experimentados.","robots":{"index":"index","follow":"follow","max-snippet":"max-snippet:-1","max-image-preview":"max-image-preview:large","max-video-preview":"max-video-preview:-1"},"canonical":"https:\/\/olecanarias.com\/es\/shop\/grancanaria1\/surf\/","og_locale":"es_ES","og_type":"article","og_title":"Surf - Ole Canarias! Wyspy Kanaryjskie - atrakcje i wycieczki","og_description":"Surf en Gran Canaria - s\u00fabete a una tabla y coge las olas del Oc\u00e9ano Atl\u00e1ntico. Es una gran aventura tanto para principiantes como para experimentados.","og_url":"https:\/\/olecanarias.com\/es\/shop\/grancanaria1\/surf\/","og_site_name":"Ole Canarias! Wyspy Kanaryjskie - atrakcje i wycieczki","article_publisher":"https:\/\/www.facebook.com\/atrakcjenateneryfie","article_modified_time":"2026-02-10T21:05:59+00:00","og_image":[{"width":1082,"height":1350,"url":"https:\/\/olecanarias.com\/wp-content\/uploads\/2026\/02\/surfing-gran-canaria-1.jpg","type":"image\/jpeg"}],"twitter_card":"summary_large_image","twitter_misc":{"Tiempo de lectura":"1 minuto"},"schema":{"@context":"https:\/\/schema.org","@graph":[{"@type":"WebPage","@id":"https:\/\/olecanarias.com\/es\/shop\/grancanaria1\/surf\/","url":"https:\/\/olecanarias.com\/es\/shop\/grancanaria1\/surf\/","name":"Surf - Ole Canarias! Wyspy Kanaryjskie - atrakcje i wycieczki","isPartOf":{"@id":"https:\/\/olecanarias.com\/es\/#website"},"primaryImageOfPage":{"@id":"https:\/\/olecanarias.com\/es\/shop\/grancanaria1\/surf\/#primaryimage"},"image":{"@id":"https:\/\/olecanarias.com\/es\/shop\/grancanaria1\/surf\/#primaryimage"},"thumbnailUrl":"https:\/\/olecanarias.com\/wp-content\/uploads\/2026\/02\/surfing-gran-canaria-1.jpg","datePublished":"2026-02-09T21:54:17+00:00","dateModified":"2026-02-10T21:05:59+00:00","description":"Surf en Gran Canaria - s\u00fabete a una tabla y coge las olas del Oc\u00e9ano Atl\u00e1ntico. Es una gran aventura tanto para principiantes como para experimentados.","breadcrumb":{"@id":"https:\/\/olecanarias.com\/es\/shop\/grancanaria1\/surf\/#breadcrumb"},"inLanguage":"es","potentialAction":[{"@type":"ReadAction","target":["https:\/\/olecanarias.com\/es\/shop\/grancanaria1\/surf\/"]}]},{"@type":"ImageObject","inLanguage":"es","@id":"https:\/\/olecanarias.com\/es\/shop\/grancanaria1\/surf\/#primaryimage","url":"https:\/\/olecanarias.com\/wp-content\/uploads\/2026\/02\/surfing-gran-canaria-1.jpg","contentUrl":"https:\/\/olecanarias.com\/wp-content\/uploads\/2026\/02\/surfing-gran-canaria-1.jpg","width":1082,"height":1350,"caption":"surfing gran canaria"},{"@type":"BreadcrumbList","@id":"https:\/\/olecanarias.com\/es\/shop\/grancanaria1\/surf\/#breadcrumb","itemListElement":[{"@type":"ListItem","position":1,"name":"OleCanarias.com","item":"https:\/\/olecanarias.com\/es\/"},{"@type":"ListItem","position":2,"name":"Productos","item":"https:\/\/olecanarias.com\/es\/shop\/"},{"@type":"ListItem","position":3,"name":"Surf"}]},{"@type":"WebSite","@id":"https:\/\/olecanarias.com\/es\/#website","url":"https:\/\/olecanarias.com\/es\/","name":"Ole Tenerife!","description":"Wszystkie atrakcje i wycieczki na Wyspach Kanaryjskich w jednym miejscu","alternateName":"OleTenerife!","potentialAction":[{"@type":"SearchAction","target":{"@type":"EntryPoint","urlTemplate":"https:\/\/olecanarias.com\/es\/?s={search_term_string}"},"query-input":{"@type":"PropertyValueSpecification","valueRequired":true,"valueName":"search_term_string"}}],"inLanguage":"es"}]}},"_links":{"self":[{"href":"https:\/\/olecanarias.com\/es\/wp-json\/wp\/v2\/product\/14597","targetHints":{"allow":["GET"]}}],"collection":[{"href":"https:\/\/olecanarias.com\/es\/wp-json\/wp\/v2\/product"}],"about":[{"href":"https:\/\/olecanarias.com\/es\/wp-json\/wp\/v2\/types\/product"}],"wp:featuredmedia":[{"embeddable":true,"href":"https:\/\/olecanarias.com\/es\/wp-json\/wp\/v2\/media\/14591"}],"wp:attachment":[{"href":"https:\/\/olecanarias.com\/es\/wp-json\/wp\/v2\/media?parent=14597"}],"wp:term":[{"taxonomy":"product_brand","embeddable":true,"href":"https:\/\/olecanarias.com\/es\/wp-json\/wp\/v2\/product_brand?post=14597"},{"taxonomy":"product_cat","embeddable":true,"href":"https:\/\/olecanarias.com\/es\/wp-json\/wp\/v2\/product_cat?post=14597"},{"taxonomy":"product_tag","embeddable":true,"href":"https:\/\/olecanarias.com\/es\/wp-json\/wp\/v2\/product_tag?post=14597"}],"curies":[{"name":"wp","href":"https:\/\/api.w.org\/{rel}","templated":true}]}}