{"id":14802,"date":"2026-03-27T11:13:35","date_gmt":"2026-03-27T10:13:35","guid":{"rendered":"https:\/\/olecanarias.com\/shop\/brand\/crucero-en-catamaran-para-avistar-delfines\/"},"modified":"2026-03-27T12:08:29","modified_gmt":"2026-03-27T11:08:29","slug":"crucero-en-catamaran-para-avistar-delfines","status":"publish","type":"product","link":"https:\/\/olecanarias.com\/es\/shop\/grancanaria1\/crucero-en-catamaran-para-avistar-delfines\/","title":{"rendered":"Crucero en catamar\u00e1n para avistar delfines"},"content":{"rendered":"<p><b>\u00bfBuscas una forma \u00fanica de pasar un d\u00eda en Gran Canaria? Un crucero en catamar\u00e1n para avistar delfines es una gran idea que combina relax, aventura y vistas inolvidables. Es una de las atracciones m\u00e1s populares del sur de la isla, perfecta tanto para parejas como para familias y grupos de amigos. Si sue\u00f1as con relajarte, nadar en el oc\u00e9ano y conocer delfines, este viaje es para ti.   <\/b><\/p>\n<h2><b>\u00bfC\u00f3mo es el recorrido?<\/b><\/h2>\n<p>La excursi\u00f3n en catamar\u00e1n para avistar delfines es un crucero de 4 horas lleno de relax y actividades en la costa sur de Gran Canaria. El viaje comienza buscando delfines y ballenas en su h\u00e1bitat natural, una experiencia \u00fanica que a menudo se convierte en uno de los recuerdos m\u00e1s bellos de tus vacaciones. <\/p>\n<p>A continuaci\u00f3n, el catamar\u00e1n navega por la costa, donde podr\u00e1s disfrutar de espectaculares acantilados, cuevas marinas y playas naturales salvajes. Durante el crucero tienes tiempo para tomar el sol a bordo y relajarte. <\/p>\n<p>Tambi\u00e9n hay un bar a bordo donde se sirve un sabroso almuerzo y bebidas de barra libre, lo que te permite disfrutar plenamente de tu tiempo en el oc\u00e9ano.<\/p>\n<p>Durante la escala tendr\u00e1s la oportunidad de nadar en el oc\u00e9ano y hacer snorkel, Tambi\u00e9n hay disponibles deportes acu\u00e1ticos adicionales para quienes deseen participar (con un coste adicional).<\/p>\n<p>Al final de la escala, todos los participantes dan un emocionante paseo en un barco bananero &#8211; esta atracci\u00f3n est\u00e1 incluida en el precio de la excursi\u00f3n (para quienes lo deseen)<\/p>\n<h2><b>\u00bfD\u00f3nde tiene lugar el recorrido?<\/b><\/h2>\n<p>La excursi\u00f3n comienza en Puerto Rico, en el puerto de Puerto Base, en el sur de Gran Canaria, todos los d\u00edas a las 11.00 h. Si llegas al puerto por tu cuenta, recuerda que tienes que estar all\u00ed unos 20 minutos antes. Recibir\u00e1s todos los detalles y el lugar y hora de recogida con tu billete despu\u00e9s de comprar el recorrido.  <\/p>\n<p>Para comodidad de nuestros clientes, ofrecemos transporte de ida y vuelta desde los hoteles del sur de la isla: las recogidas se realizan en lugares como Bah\u00eda Feliz, Playa de Ingl\u00e9s, Maspalomas, Meloneras y Puerto Rico. Transporte desde el hotel con puntualidad. Para que no tengas que preocuparte por llegar, te ofrecemos un c\u00f3modo traslado directamente desde tu hotel.  <\/p>\n<p><b>ATENCI\u00d3N: Para este recorrido s\u00f3lo tienes que pagar el dep\u00f3sito ahora y el resto el d\u00eda del recorrido. Recuerda llevar contigo el billete.  <\/b><\/p>\n<p>&nbsp;<\/p>\n","protected":false},"excerpt":{"rendered":"<p>\u00bfBuscas una forma \u00fanica de pasar un d\u00eda en Gran Canaria? Un crucero en catamar\u00e1n para avistar delfines es una gran idea que combina relax, aventura y vistas inolvidables. Es una de las atracciones m\u00e1s populares del sur de la isla, perfecta tanto para parejas como para familias y grupos de amigos. Si sue\u00f1as con [&hellip;]<\/p>\n","protected":false},"featured_media":14844,"template":"","meta":{"_acf_changed":false},"product_brand":[1213],"product_cat":[1347,1383,1577],"product_tag":[1419,2161,2160,2164,2163,1353,1351,1349,2162,1357,1363],"class_list":{"0":"post-14802","1":"product","2":"type-product","3":"status-publish","4":"has-post-thumbnail","6":"product_brand-grancanaria1","7":"product_cat-todas-las-atracciones","8":"product_cat-cruceros","9":"product_cat-gran-canaria","10":"product_tag-atracciones-en-gran-canaria","11":"product_tag-avistamiento-de-delfines-gran-canaria","12":"product_tag-crucero-en-catamaran-gran-canaria","13":"product_tag-crucero-gran-canaria-2","14":"product_tag-delfines-gran-canaria","15":"product_tag-gran-canaria","16":"product_tag-ole-canarias","17":"product_tag-olecanarias","18":"product_tag-vacaciones-en-gran-canaria-3","19":"product_tag-vacaciones-en-gran-canaria","20":"product_tag-vacaciones-en-gran-canaria-2","22":"first","23":"instock","24":"virtual","25":"sold-individually","26":"purchasable","27":"product-type-booking"},"acf":[],"yoast_head":"<!-- This site is optimized with the Yoast SEO plugin v26.0 - https:\/\/yoast.com\/wordpress\/plugins\/seo\/ -->\n<title>Crucero en catamar\u00e1n para avistar delfines - Ole Canarias! Wyspy Kanaryjskie - atrakcje i wycieczki<\/title>\n<meta name=\"description\" content=\"Haz un crucero en catamar\u00e1n para avistar delfines y ballenas en Gran Canaria. Comida y bebidas incluidas. \u00a1Consulta los detalles!\" \/>\n<meta name=\"robots\" content=\"index, follow, max-snippet:-1, max-image-preview:large, max-video-preview:-1\" \/>\n<link rel=\"canonical\" href=\"https:\/\/olecanarias.com\/es\/shop\/grancanaria1\/crucero-en-catamaran-para-avistar-delfines\/\" \/>\n<meta property=\"og:locale\" content=\"es_ES\" \/>\n<meta property=\"og:type\" content=\"article\" \/>\n<meta property=\"og:title\" content=\"Crucero en catamar\u00e1n para avistar delfines - Ole Canarias! Wyspy Kanaryjskie - atrakcje i wycieczki\" \/>\n<meta property=\"og:description\" content=\"Haz un crucero en catamar\u00e1n para avistar delfines y ballenas en Gran Canaria. Comida y bebidas incluidas. \u00a1Consulta los detalles!\" \/>\n<meta property=\"og:url\" content=\"https:\/\/olecanarias.com\/es\/shop\/grancanaria1\/crucero-en-catamaran-para-avistar-delfines\/\" \/>\n<meta property=\"og:site_name\" content=\"Ole Canarias! Wyspy Kanaryjskie - atrakcje i wycieczki\" \/>\n<meta property=\"article:publisher\" content=\"https:\/\/www.facebook.com\/atrakcjenateneryfie\" \/>\n<meta property=\"article:modified_time\" content=\"2026-03-27T11:08:29+00:00\" \/>\n<meta property=\"og:image\" content=\"https:\/\/olecanarias.com\/wp-content\/uploads\/2026\/03\/rejs-katamaranem-gran-canaria.jpg\" \/>\n\t<meta property=\"og:image:width\" content=\"1082\" \/>\n\t<meta property=\"og:image:height\" content=\"1350\" \/>\n\t<meta property=\"og:image:type\" content=\"image\/jpeg\" \/>\n<meta name=\"twitter:card\" content=\"summary_large_image\" \/>\n<meta name=\"twitter:label1\" content=\"Tiempo de lectura\" \/>\n\t<meta name=\"twitter:data1\" content=\"2 minutos\" \/>\n<script type=\"application\/ld+json\" class=\"yoast-schema-graph\">{\"@context\":\"https:\/\/schema.org\",\"@graph\":[{\"@type\":\"WebPage\",\"@id\":\"https:\/\/olecanarias.com\/es\/shop\/grancanaria1\/crucero-en-catamaran-para-avistar-delfines\/\",\"url\":\"https:\/\/olecanarias.com\/es\/shop\/grancanaria1\/crucero-en-catamaran-para-avistar-delfines\/\",\"name\":\"Crucero en catamar\u00e1n para avistar delfines - Ole Canarias! Wyspy Kanaryjskie - atrakcje i wycieczki\",\"isPartOf\":{\"@id\":\"https:\/\/olecanarias.com\/es\/#website\"},\"primaryImageOfPage\":{\"@id\":\"https:\/\/olecanarias.com\/es\/shop\/grancanaria1\/crucero-en-catamaran-para-avistar-delfines\/#primaryimage\"},\"image\":{\"@id\":\"https:\/\/olecanarias.com\/es\/shop\/grancanaria1\/crucero-en-catamaran-para-avistar-delfines\/#primaryimage\"},\"thumbnailUrl\":\"https:\/\/olecanarias.com\/wp-content\/uploads\/2026\/03\/rejs-gran-canaria.jpg\",\"datePublished\":\"2026-03-27T10:13:35+00:00\",\"dateModified\":\"2026-03-27T11:08:29+00:00\",\"description\":\"Haz un crucero en catamar\u00e1n para avistar delfines y ballenas en Gran Canaria. Comida y bebidas incluidas. \u00a1Consulta los detalles!\",\"breadcrumb\":{\"@id\":\"https:\/\/olecanarias.com\/es\/shop\/grancanaria1\/crucero-en-catamaran-para-avistar-delfines\/#breadcrumb\"},\"inLanguage\":\"es\",\"potentialAction\":[{\"@type\":\"ReadAction\",\"target\":[\"https:\/\/olecanarias.com\/es\/shop\/grancanaria1\/crucero-en-catamaran-para-avistar-delfines\/\"]}]},{\"@type\":\"ImageObject\",\"inLanguage\":\"es\",\"@id\":\"https:\/\/olecanarias.com\/es\/shop\/grancanaria1\/crucero-en-catamaran-para-avistar-delfines\/#primaryimage\",\"url\":\"https:\/\/olecanarias.com\/wp-content\/uploads\/2026\/03\/rejs-gran-canaria.jpg\",\"contentUrl\":\"https:\/\/olecanarias.com\/wp-content\/uploads\/2026\/03\/rejs-gran-canaria.jpg\",\"width\":1641,\"height\":2048,\"caption\":\"rejs katamaranem na gran canarii\"},{\"@type\":\"BreadcrumbList\",\"@id\":\"https:\/\/olecanarias.com\/es\/shop\/grancanaria1\/crucero-en-catamaran-para-avistar-delfines\/#breadcrumb\",\"itemListElement\":[{\"@type\":\"ListItem\",\"position\":1,\"name\":\"OleCanarias.com\",\"item\":\"https:\/\/olecanarias.com\/es\/\"},{\"@type\":\"ListItem\",\"position\":2,\"name\":\"Productos\",\"item\":\"https:\/\/olecanarias.com\/es\/shop\/\"},{\"@type\":\"ListItem\",\"position\":3,\"name\":\"Crucero en catamar\u00e1n para avistar delfines\"}]},{\"@type\":\"WebSite\",\"@id\":\"https:\/\/olecanarias.com\/es\/#website\",\"url\":\"https:\/\/olecanarias.com\/es\/\",\"name\":\"Ole Tenerife!\",\"description\":\"Wszystkie atrakcje i wycieczki na Wyspach Kanaryjskich w jednym miejscu\",\"alternateName\":\"OleTenerife!\",\"potentialAction\":[{\"@type\":\"SearchAction\",\"target\":{\"@type\":\"EntryPoint\",\"urlTemplate\":\"https:\/\/olecanarias.com\/es\/?s={search_term_string}\"},\"query-input\":{\"@type\":\"PropertyValueSpecification\",\"valueRequired\":true,\"valueName\":\"search_term_string\"}}],\"inLanguage\":\"es\"}]}<\/script>\n<!-- \/ Yoast SEO plugin. -->","yoast_head_json":{"title":"Crucero en catamar\u00e1n para avistar delfines - Ole Canarias! Wyspy Kanaryjskie - atrakcje i wycieczki","description":"Haz un crucero en catamar\u00e1n para avistar delfines y ballenas en Gran Canaria. Comida y bebidas incluidas. \u00a1Consulta los detalles!","robots":{"index":"index","follow":"follow","max-snippet":"max-snippet:-1","max-image-preview":"max-image-preview:large","max-video-preview":"max-video-preview:-1"},"canonical":"https:\/\/olecanarias.com\/es\/shop\/grancanaria1\/crucero-en-catamaran-para-avistar-delfines\/","og_locale":"es_ES","og_type":"article","og_title":"Crucero en catamar\u00e1n para avistar delfines - Ole Canarias! Wyspy Kanaryjskie - atrakcje i wycieczki","og_description":"Haz un crucero en catamar\u00e1n para avistar delfines y ballenas en Gran Canaria. Comida y bebidas incluidas. \u00a1Consulta los detalles!","og_url":"https:\/\/olecanarias.com\/es\/shop\/grancanaria1\/crucero-en-catamaran-para-avistar-delfines\/","og_site_name":"Ole Canarias! Wyspy Kanaryjskie - atrakcje i wycieczki","article_publisher":"https:\/\/www.facebook.com\/atrakcjenateneryfie","article_modified_time":"2026-03-27T11:08:29+00:00","og_image":[{"width":1082,"height":1350,"url":"https:\/\/olecanarias.com\/wp-content\/uploads\/2026\/03\/rejs-katamaranem-gran-canaria.jpg","type":"image\/jpeg"}],"twitter_card":"summary_large_image","twitter_misc":{"Tiempo de lectura":"2 minutos"},"schema":{"@context":"https:\/\/schema.org","@graph":[{"@type":"WebPage","@id":"https:\/\/olecanarias.com\/es\/shop\/grancanaria1\/crucero-en-catamaran-para-avistar-delfines\/","url":"https:\/\/olecanarias.com\/es\/shop\/grancanaria1\/crucero-en-catamaran-para-avistar-delfines\/","name":"Crucero en catamar\u00e1n para avistar delfines - Ole Canarias! Wyspy Kanaryjskie - atrakcje i wycieczki","isPartOf":{"@id":"https:\/\/olecanarias.com\/es\/#website"},"primaryImageOfPage":{"@id":"https:\/\/olecanarias.com\/es\/shop\/grancanaria1\/crucero-en-catamaran-para-avistar-delfines\/#primaryimage"},"image":{"@id":"https:\/\/olecanarias.com\/es\/shop\/grancanaria1\/crucero-en-catamaran-para-avistar-delfines\/#primaryimage"},"thumbnailUrl":"https:\/\/olecanarias.com\/wp-content\/uploads\/2026\/03\/rejs-gran-canaria.jpg","datePublished":"2026-03-27T10:13:35+00:00","dateModified":"2026-03-27T11:08:29+00:00","description":"Haz un crucero en catamar\u00e1n para avistar delfines y ballenas en Gran Canaria. Comida y bebidas incluidas. \u00a1Consulta los detalles!","breadcrumb":{"@id":"https:\/\/olecanarias.com\/es\/shop\/grancanaria1\/crucero-en-catamaran-para-avistar-delfines\/#breadcrumb"},"inLanguage":"es","potentialAction":[{"@type":"ReadAction","target":["https:\/\/olecanarias.com\/es\/shop\/grancanaria1\/crucero-en-catamaran-para-avistar-delfines\/"]}]},{"@type":"ImageObject","inLanguage":"es","@id":"https:\/\/olecanarias.com\/es\/shop\/grancanaria1\/crucero-en-catamaran-para-avistar-delfines\/#primaryimage","url":"https:\/\/olecanarias.com\/wp-content\/uploads\/2026\/03\/rejs-gran-canaria.jpg","contentUrl":"https:\/\/olecanarias.com\/wp-content\/uploads\/2026\/03\/rejs-gran-canaria.jpg","width":1641,"height":2048,"caption":"rejs katamaranem na gran canarii"},{"@type":"BreadcrumbList","@id":"https:\/\/olecanarias.com\/es\/shop\/grancanaria1\/crucero-en-catamaran-para-avistar-delfines\/#breadcrumb","itemListElement":[{"@type":"ListItem","position":1,"name":"OleCanarias.com","item":"https:\/\/olecanarias.com\/es\/"},{"@type":"ListItem","position":2,"name":"Productos","item":"https:\/\/olecanarias.com\/es\/shop\/"},{"@type":"ListItem","position":3,"name":"Crucero en catamar\u00e1n para avistar delfines"}]},{"@type":"WebSite","@id":"https:\/\/olecanarias.com\/es\/#website","url":"https:\/\/olecanarias.com\/es\/","name":"Ole Tenerife!","description":"Wszystkie atrakcje i wycieczki na Wyspach Kanaryjskich w jednym miejscu","alternateName":"OleTenerife!","potentialAction":[{"@type":"SearchAction","target":{"@type":"EntryPoint","urlTemplate":"https:\/\/olecanarias.com\/es\/?s={search_term_string}"},"query-input":{"@type":"PropertyValueSpecification","valueRequired":true,"valueName":"search_term_string"}}],"inLanguage":"es"}]}},"_links":{"self":[{"href":"https:\/\/olecanarias.com\/es\/wp-json\/wp\/v2\/product\/14802","targetHints":{"allow":["GET"]}}],"collection":[{"href":"https:\/\/olecanarias.com\/es\/wp-json\/wp\/v2\/product"}],"about":[{"href":"https:\/\/olecanarias.com\/es\/wp-json\/wp\/v2\/types\/product"}],"wp:featuredmedia":[{"embeddable":true,"href":"https:\/\/olecanarias.com\/es\/wp-json\/wp\/v2\/media\/14844"}],"wp:attachment":[{"href":"https:\/\/olecanarias.com\/es\/wp-json\/wp\/v2\/media?parent=14802"}],"wp:term":[{"taxonomy":"product_brand","embeddable":true,"href":"https:\/\/olecanarias.com\/es\/wp-json\/wp\/v2\/product_brand?post=14802"},{"taxonomy":"product_cat","embeddable":true,"href":"https:\/\/olecanarias.com\/es\/wp-json\/wp\/v2\/product_cat?post=14802"},{"taxonomy":"product_tag","embeddable":true,"href":"https:\/\/olecanarias.com\/es\/wp-json\/wp\/v2\/product_tag?post=14802"}],"curies":[{"name":"wp","href":"https:\/\/api.w.org\/{rel}","templated":true}]}}