{"id":14942,"date":"2026-04-16T16:08:07","date_gmt":"2026-04-16T14:08:07","guid":{"rendered":"https:\/\/olecanarias.com\/shop\/brand\/buggy-100-todoterreno\/"},"modified":"2026-04-16T16:54:30","modified_gmt":"2026-04-16T14:54:30","slug":"buggy-100-todoterreno","status":"publish","type":"product","link":"https:\/\/olecanarias.com\/es\/shop\/grancanaria1\/buggy-100-todoterreno\/","title":{"rendered":"Buggy 100% todoterreno"},"content":{"rendered":"<p>\u00bfSue\u00f1as con algo m\u00e1s que hacer turismo? \u00bfQuieres sentir la verdadera libertad, polvo bajo tus ruedas y adrenalina en cada curva? La excursi\u00f3n <strong>en buggy 100% todoterreno<\/strong> en Gran Canaria es una de las atracciones m\u00e1s emocionantes de la isla, que te permitir\u00e1 descubrir sus rincones salvajes e inaccesibles. Es la opci\u00f3n ideal para quienes disfrutan de unas vacaciones activas, experiencias impactantes y vistas inolvidables.  <\/p>\n<p><b>S\u00fabete al volante de un buggy y dir\u00edgete fuera de la carretera: \u00a1una aventura que no olvidar\u00e1s!<\/b><\/p>\n<h2><b>\u00bfC\u00f3mo es el recorrido?<\/b><\/h2>\n<p><strong>Buggy Gran Canaria<\/strong> 100% offroad es una excursi\u00f3n de 2 horas que se desarrolla 100% fuera de las carreteras asfaltadas, y que te lleva por el pintoresco Barranco del Berriel, situado en el sureste de Gran Canaria, cerca de Bah\u00eda Feliz.<\/p>\n<p>La ruta atraviesa paisajes des\u00e9rticos escarpados con formaciones geol\u00f3gicas inusuales que han sido moldeadas por el viento y el agua a lo largo de los a\u00f1os. Durante el trayecto, podr\u00e1s admirar depresiones rocosas naturales, conocidas como \u00abpilancones\u00bb, y peque\u00f1as masas de agua que aparecen durante los periodos de lluvia.  <\/p>\n<p>Tambi\u00e9n a lo largo de la ruta se encuentra la Presa del Conde (La Monta), un encantador lugar con agua, que proporciona un interesante contraste con el paisaje seco circundante.<\/p>\n<p>Todo el viaje es muy divertido: conducir el buggy por senderos rocosos, giros y curvas proporciona mucha emoci\u00f3n y hace que el viaje sea memorable durante mucho tiempo.<\/p>\n<h2><b>\u00bfD\u00f3nde tiene lugar el recorrido?<\/b><\/h2>\n<p>La excursi\u00f3n tiene lugar en la zona de Bah\u00eda Feliz, en el sur de Gran Canaria.<\/p>\n<p>Para comodidad de nuestros clientes, ofrecemos transporte de ida y vuelta desde los hoteles del sur de la isla: las recogidas se realizan en destinos como Bah\u00eda Feliz, Playa del Ingl\u00e9s, Maspalomas, Meloneras y Puerto Rico.<\/p>\n<h2>Preguntas m\u00e1s frecuentes<\/h2>\n<h3>\u00bfPuedo arregl\u00e1rmelas sin experiencia?<\/h3>\n<p>S\u00ed, la ruta es apta para principiantes y recibir\u00e1s una breve sesi\u00f3n de entrenamiento antes de la salida. Sin embargo, recuerda llevar contigo tu permiso de conducir en formato f\u00edsico. <\/p>\n<h3>\u00bfCu\u00e1nto dura el recorrido y qu\u00e9 incluye?<\/h3>\n<p>El recorrido dura aproximadamente 2 horas y se realiza 100% fuera de la carretera. Te dar\u00e1n gafas de seguridad in situ. Es una buena idea que lleves contigo una bandama. Si no tienes una, puedes comprarla in situ.  <\/p>\n<h3>\u00bfEs seguro?<\/h3>\n<p>S\u00ed, utilizamos equipos profesionales y el recorrido est\u00e1 dirigido por gu\u00edas experimentados. Comprobamos personalmente todas las atracciones y s\u00f3lo trabajamos con organizadores leg\u00edtimos. <\/p>\n<h3>\u00bfDesde d\u00f3nde se realiza la recogida y proporcion\u00e1is transporte?<\/h3>\n<p>Proporcionamos transporte de ida y vuelta desde los hoteles del sur de Gran Canaria. Tambi\u00e9n puedes llegar por tu cuenta. Te enviaremos todas las indicaciones junto con tu billete.  <\/p>\n<h3>\u00bfMerece la pena reservar con antelaci\u00f3n?<\/h3>\n<p>S\u00ed, las plazas son limitadas y las visitas suelen agotarse. Recomendamos reservar esta atracci\u00f3n con al menos 2 semanas de antelaci\u00f3n. Si cambias de planes, puedes cancelar la reserva hasta 72 h antes de la visita y te reembolsaremos el 100% del coste.   <\/p>\n<h3>\u00bfY si el viaje no se realiza?<\/h3>\n<p>Si el organizador decide cancelar la excursi\u00f3n debido a las condiciones meteorol\u00f3gicas, intentaremos reprogramarla para otro d\u00eda o te reembolsaremos el 100%. \u00a1La seguridad es lo primero! <\/p>\n<h3>\u00bfQu\u00e9 llevar contigo?<\/h3>\n<p>Recomendamos ropa c\u00f3moda, calzado cubierto, una bandama, agua, gafas de sol y buen humor.<\/p>\n<p><script type=\"application\/ld+json\">\n{\n \"@context\": \"https:\/\/schema.org\",\n \"@type\": \"FAQPage\",\n \"mainEntity\": [\n   {\n     \"@type\": \"Question\",\n     \"name\": \"Czy dam sobie rad\u0119 bez do\u015bwiadczenia?\",\n     \"acceptedAnswer\": {\n       \"@type\": \"Answer\",\n       \"text\": \"Tak, trasa jest dostosowana do os\u00f3b pocz\u0105tkuj\u0105cych, a przed startem otrzymasz kr\u00f3tkie szkolenie. Pami\u0119taj jednak, \u017ceby wzi\u0105\u0107 ze sob\u0105 prawo jazdy w formie fizycznej.\"\n     }\n   },\n   {\n     \"@type\": \"Question\",\n     \"name\": \"Jak d\u0142ugo trwa wycieczka i co obejmuje?\",\n     \"acceptedAnswer\": {\n       \"@type\": \"Answer\",\n       \"text\": \"Wycieczka trwa oko\u0142o 2 godziny i odbywa si\u0119 w 100% w terenie off-road. Na miejscu dostaniesz gogle ochronne. Warto wzi\u0105\u0107 ze sob\u0105 bandam\u0119. Je\u015bli jej nie masz, mo\u017cesz j\u0105 zakupi\u0107 na miejscu.\"\n     }\n   },\n   {\n     \"@type\": \"Question\",\n     \"name\": \"Czy to jest bezpieczne?\",\n     \"acceptedAnswer\": {\n       \"@type\": \"Answer\",\n       \"text\": \"Tak, korzystamy z profesjonalnego sprz\u0119tu, a trasa jest prowadzona przez do\u015bwiadczonych przewodnik\u00f3w. Wszystkie atrakcje sprawdzamy osobi\u015bcie i wsp\u00f3\u0142pracujemy tylko z legalnymi organizatorami.\"\n     }\n   },\n   {\n     \"@type\": \"Question\",\n     \"name\": \"Sk\u0105d odbywa si\u0119 odbi\u00f3r i czy zapewniacie transport?\",\n     \"acceptedAnswer\": {\n       \"@type\": \"Answer\",\n       \"text\": \"Zapewniamy transport w obie strony z hoteli na po\u0142udniu Gran Canarii. Mo\u017cesz r\u00f3wnie\u017c dojecha\u0107 na miejsce samodzielnie. Wszystkie wskaz\u00f3wki wy\u015blemy Ci razem z biletem.\"\n     }\n   },\n   {\n     \"@type\": \"Question\",\n     \"name\": \"Czy warto zarezerwowa\u0107 wcze\u015bniej?\",\n     \"acceptedAnswer\": {\n       \"@type\": \"Answer\",\n       \"text\": \"Tak, liczba miejsc jest ograniczona i wycieczki cz\u0119sto si\u0119 wyprzedaj\u0105. Zalecamy rezerwowa\u0107 t\u0119 atrakcj\u0119 z min. 2 tyg wyprzedzeniem. Je\u015bli zmienisz plany, swoj\u0105 rezerwacj\u0119 mo\u017cesz anulowa\u0107 do 72h przed wycieczk\u0105, a my zwr\u00f3cimy Ci 100% koszt\u00f3w.\"\n     }\n   },\n   {\n     \"@type\": \"Question\",\n     \"name\": \"Co je\u015bli wycieczka si\u0119 nie odb\u0119dzie?\",\n     \"acceptedAnswer\": {\n       \"@type\": \"Answer\",\n       \"text\": \"Je\u015bli organizator zdecyduje si\u0119 na odwo\u0142anie wycieczki ze wzgl\u0119du na warunki pogodowe, spr\u00f3bujemy prze\u0142o\u017cy\u0107 wycieczk\u0119 na inny dzie\u0144 lub zwr\u00f3cimy Ci 100% koszt\u00f3w.\"\n     }\n   },\n   {\n     \"@type\": \"Question\",\n     \"name\": \"Co zabra\u0107 ze sob\u0105?\",\n     \"acceptedAnswer\": {\n       \"@type\": \"Answer\",\n       \"text\": \"Zalecamy wygodne ubranie, zakryte obuwie, bandam\u0119, wod\u0119, okulary przeciws\u0142oneczne i dobry humor.\"\n     }\n   }\n ]\n}\n<\/script><\/p>\n","protected":false},"excerpt":{"rendered":"<p>\u00bfSue\u00f1as con algo m\u00e1s que hacer turismo? \u00bfQuieres sentir la verdadera libertad, polvo bajo tus ruedas y adrenalina en cada curva? La excursi\u00f3n en buggy 100% todoterreno en Gran Canaria es una de las atracciones m\u00e1s emocionantes de la isla, que te permitir\u00e1 descubrir sus rincones salvajes e inaccesibles. Es la opci\u00f3n ideal para quienes [&hellip;]<\/p>\n","protected":false},"featured_media":14949,"template":"","meta":{"_acf_changed":false},"product_brand":[1213],"product_cat":[1347,1557,2188],"product_tag":[1396,1419,2180,2182,2181,1353,2183,1398,1351,1349],"class_list":{"0":"post-14942","1":"product","2":"type-product","3":"status-publish","4":"has-post-thumbnail","6":"product_brand-grancanaria1","7":"product_cat-todas-las-atracciones","8":"product_cat-adrenalina","9":"product_cat-quads-buggies","10":"product_tag-atracciones-de-gran-canaria","11":"product_tag-atracciones-en-gran-canaria","12":"product_tag-buggies-gran-canaria","13":"product_tag-buggy-gran-canaria","14":"product_tag-buggy-offroad-gran-canaria","15":"product_tag-gran-canaria","16":"product_tag-gran-canaria-offroad","17":"product_tag-gran-canaria-que-hacer","18":"product_tag-ole-canarias","19":"product_tag-olecanarias","21":"first","22":"instock","23":"virtual","24":"sold-individually","25":"purchasable","26":"product-type-booking"},"acf":[],"yoast_head":"<!-- This site is optimized with the Yoast SEO plugin v26.0 - https:\/\/yoast.com\/wordpress\/plugins\/seo\/ -->\n<title>\u00a1Buggy 100% offroad Gran Canaria - OleCanarias!<\/title>\n<meta name=\"description\" content=\"Buggy Gran Canaria 100% offroad es una aventura llena de adrenalina y hermosas vistas. Mucho polvo, mucha diversi\u00f3n y mucha emoci\u00f3n. Reserva en OleCanarias\" \/>\n<meta name=\"robots\" content=\"index, follow, max-snippet:-1, max-image-preview:large, max-video-preview:-1\" \/>\n<link rel=\"canonical\" href=\"https:\/\/olecanarias.com\/es\/shop\/grancanaria1\/buggy-100-todoterreno\/\" \/>\n<meta property=\"og:locale\" content=\"es_ES\" \/>\n<meta property=\"og:type\" content=\"article\" \/>\n<meta property=\"og:title\" content=\"\u00a1Buggy 100% offroad Gran Canaria - OleCanarias!\" \/>\n<meta property=\"og:description\" content=\"Buggy Gran Canaria 100% offroad es una aventura llena de adrenalina y hermosas vistas. Mucho polvo, mucha diversi\u00f3n y mucha emoci\u00f3n. Reserva en OleCanarias\" \/>\n<meta property=\"og:url\" content=\"https:\/\/olecanarias.com\/es\/shop\/grancanaria1\/buggy-100-todoterreno\/\" \/>\n<meta property=\"og:site_name\" content=\"Ole Canarias! Wyspy Kanaryjskie - atrakcje i wycieczki\" \/>\n<meta property=\"article:publisher\" content=\"https:\/\/www.facebook.com\/atrakcjenateneryfie\" \/>\n<meta property=\"article:modified_time\" content=\"2026-04-16T14:54:30+00:00\" \/>\n<meta property=\"og:image\" content=\"https:\/\/olecanarias.com\/wp-content\/uploads\/2026\/04\/buggy-gran-canaria-1.jpg\" \/>\n\t<meta property=\"og:image:width\" content=\"1639\" \/>\n\t<meta property=\"og:image:height\" content=\"2048\" \/>\n\t<meta property=\"og:image:type\" content=\"image\/jpeg\" \/>\n<meta name=\"twitter:card\" content=\"summary_large_image\" \/>\n<meta name=\"twitter:label1\" content=\"Tiempo de lectura\" \/>\n\t<meta name=\"twitter:data1\" content=\"3 minutos\" \/>\n<script type=\"application\/ld+json\" class=\"yoast-schema-graph\">{\"@context\":\"https:\/\/schema.org\",\"@graph\":[{\"@type\":\"WebPage\",\"@id\":\"https:\/\/olecanarias.com\/es\/shop\/grancanaria1\/buggy-100-todoterreno\/\",\"url\":\"https:\/\/olecanarias.com\/es\/shop\/grancanaria1\/buggy-100-todoterreno\/\",\"name\":\"\u00a1Buggy 100% offroad Gran Canaria - OleCanarias!\",\"isPartOf\":{\"@id\":\"https:\/\/olecanarias.com\/es\/#website\"},\"primaryImageOfPage\":{\"@id\":\"https:\/\/olecanarias.com\/es\/shop\/grancanaria1\/buggy-100-todoterreno\/#primaryimage\"},\"image\":{\"@id\":\"https:\/\/olecanarias.com\/es\/shop\/grancanaria1\/buggy-100-todoterreno\/#primaryimage\"},\"thumbnailUrl\":\"https:\/\/olecanarias.com\/wp-content\/uploads\/2026\/04\/buggy-gran-canaria-1.jpg\",\"datePublished\":\"2026-04-16T14:08:07+00:00\",\"dateModified\":\"2026-04-16T14:54:30+00:00\",\"description\":\"Buggy Gran Canaria 100% offroad es una aventura llena de adrenalina y hermosas vistas. Mucho polvo, mucha diversi\u00f3n y mucha emoci\u00f3n. Reserva en OleCanarias\",\"breadcrumb\":{\"@id\":\"https:\/\/olecanarias.com\/es\/shop\/grancanaria1\/buggy-100-todoterreno\/#breadcrumb\"},\"inLanguage\":\"es\",\"potentialAction\":[{\"@type\":\"ReadAction\",\"target\":[\"https:\/\/olecanarias.com\/es\/shop\/grancanaria1\/buggy-100-todoterreno\/\"]}]},{\"@type\":\"ImageObject\",\"inLanguage\":\"es\",\"@id\":\"https:\/\/olecanarias.com\/es\/shop\/grancanaria1\/buggy-100-todoterreno\/#primaryimage\",\"url\":\"https:\/\/olecanarias.com\/wp-content\/uploads\/2026\/04\/buggy-gran-canaria-1.jpg\",\"contentUrl\":\"https:\/\/olecanarias.com\/wp-content\/uploads\/2026\/04\/buggy-gran-canaria-1.jpg\",\"width\":1639,\"height\":2048,\"caption\":\"buggies gran canaria\"},{\"@type\":\"BreadcrumbList\",\"@id\":\"https:\/\/olecanarias.com\/es\/shop\/grancanaria1\/buggy-100-todoterreno\/#breadcrumb\",\"itemListElement\":[{\"@type\":\"ListItem\",\"position\":1,\"name\":\"OleCanarias.com\",\"item\":\"https:\/\/olecanarias.com\/es\/\"},{\"@type\":\"ListItem\",\"position\":2,\"name\":\"Productos\",\"item\":\"https:\/\/olecanarias.com\/es\/shop\/\"},{\"@type\":\"ListItem\",\"position\":3,\"name\":\"Buggy 100% todoterreno\"}]},{\"@type\":\"WebSite\",\"@id\":\"https:\/\/olecanarias.com\/es\/#website\",\"url\":\"https:\/\/olecanarias.com\/es\/\",\"name\":\"Ole Tenerife!\",\"description\":\"Wszystkie atrakcje i wycieczki na Wyspach Kanaryjskich w jednym miejscu\",\"alternateName\":\"OleTenerife!\",\"potentialAction\":[{\"@type\":\"SearchAction\",\"target\":{\"@type\":\"EntryPoint\",\"urlTemplate\":\"https:\/\/olecanarias.com\/es\/?s={search_term_string}\"},\"query-input\":{\"@type\":\"PropertyValueSpecification\",\"valueRequired\":true,\"valueName\":\"search_term_string\"}}],\"inLanguage\":\"es\"}]}<\/script>\n<!-- \/ Yoast SEO plugin. -->","yoast_head_json":{"title":"\u00a1Buggy 100% offroad Gran Canaria - OleCanarias!","description":"Buggy Gran Canaria 100% offroad es una aventura llena de adrenalina y hermosas vistas. Mucho polvo, mucha diversi\u00f3n y mucha emoci\u00f3n. Reserva en OleCanarias","robots":{"index":"index","follow":"follow","max-snippet":"max-snippet:-1","max-image-preview":"max-image-preview:large","max-video-preview":"max-video-preview:-1"},"canonical":"https:\/\/olecanarias.com\/es\/shop\/grancanaria1\/buggy-100-todoterreno\/","og_locale":"es_ES","og_type":"article","og_title":"\u00a1Buggy 100% offroad Gran Canaria - OleCanarias!","og_description":"Buggy Gran Canaria 100% offroad es una aventura llena de adrenalina y hermosas vistas. Mucho polvo, mucha diversi\u00f3n y mucha emoci\u00f3n. Reserva en OleCanarias","og_url":"https:\/\/olecanarias.com\/es\/shop\/grancanaria1\/buggy-100-todoterreno\/","og_site_name":"Ole Canarias! Wyspy Kanaryjskie - atrakcje i wycieczki","article_publisher":"https:\/\/www.facebook.com\/atrakcjenateneryfie","article_modified_time":"2026-04-16T14:54:30+00:00","og_image":[{"width":1639,"height":2048,"url":"https:\/\/olecanarias.com\/wp-content\/uploads\/2026\/04\/buggy-gran-canaria-1.jpg","type":"image\/jpeg"}],"twitter_card":"summary_large_image","twitter_misc":{"Tiempo de lectura":"3 minutos"},"schema":{"@context":"https:\/\/schema.org","@graph":[{"@type":"WebPage","@id":"https:\/\/olecanarias.com\/es\/shop\/grancanaria1\/buggy-100-todoterreno\/","url":"https:\/\/olecanarias.com\/es\/shop\/grancanaria1\/buggy-100-todoterreno\/","name":"\u00a1Buggy 100% offroad Gran Canaria - OleCanarias!","isPartOf":{"@id":"https:\/\/olecanarias.com\/es\/#website"},"primaryImageOfPage":{"@id":"https:\/\/olecanarias.com\/es\/shop\/grancanaria1\/buggy-100-todoterreno\/#primaryimage"},"image":{"@id":"https:\/\/olecanarias.com\/es\/shop\/grancanaria1\/buggy-100-todoterreno\/#primaryimage"},"thumbnailUrl":"https:\/\/olecanarias.com\/wp-content\/uploads\/2026\/04\/buggy-gran-canaria-1.jpg","datePublished":"2026-04-16T14:08:07+00:00","dateModified":"2026-04-16T14:54:30+00:00","description":"Buggy Gran Canaria 100% offroad es una aventura llena de adrenalina y hermosas vistas. Mucho polvo, mucha diversi\u00f3n y mucha emoci\u00f3n. Reserva en OleCanarias","breadcrumb":{"@id":"https:\/\/olecanarias.com\/es\/shop\/grancanaria1\/buggy-100-todoterreno\/#breadcrumb"},"inLanguage":"es","potentialAction":[{"@type":"ReadAction","target":["https:\/\/olecanarias.com\/es\/shop\/grancanaria1\/buggy-100-todoterreno\/"]}]},{"@type":"ImageObject","inLanguage":"es","@id":"https:\/\/olecanarias.com\/es\/shop\/grancanaria1\/buggy-100-todoterreno\/#primaryimage","url":"https:\/\/olecanarias.com\/wp-content\/uploads\/2026\/04\/buggy-gran-canaria-1.jpg","contentUrl":"https:\/\/olecanarias.com\/wp-content\/uploads\/2026\/04\/buggy-gran-canaria-1.jpg","width":1639,"height":2048,"caption":"buggies gran canaria"},{"@type":"BreadcrumbList","@id":"https:\/\/olecanarias.com\/es\/shop\/grancanaria1\/buggy-100-todoterreno\/#breadcrumb","itemListElement":[{"@type":"ListItem","position":1,"name":"OleCanarias.com","item":"https:\/\/olecanarias.com\/es\/"},{"@type":"ListItem","position":2,"name":"Productos","item":"https:\/\/olecanarias.com\/es\/shop\/"},{"@type":"ListItem","position":3,"name":"Buggy 100% todoterreno"}]},{"@type":"WebSite","@id":"https:\/\/olecanarias.com\/es\/#website","url":"https:\/\/olecanarias.com\/es\/","name":"Ole Tenerife!","description":"Wszystkie atrakcje i wycieczki na Wyspach Kanaryjskich w jednym miejscu","alternateName":"OleTenerife!","potentialAction":[{"@type":"SearchAction","target":{"@type":"EntryPoint","urlTemplate":"https:\/\/olecanarias.com\/es\/?s={search_term_string}"},"query-input":{"@type":"PropertyValueSpecification","valueRequired":true,"valueName":"search_term_string"}}],"inLanguage":"es"}]}},"_links":{"self":[{"href":"https:\/\/olecanarias.com\/es\/wp-json\/wp\/v2\/product\/14942","targetHints":{"allow":["GET"]}}],"collection":[{"href":"https:\/\/olecanarias.com\/es\/wp-json\/wp\/v2\/product"}],"about":[{"href":"https:\/\/olecanarias.com\/es\/wp-json\/wp\/v2\/types\/product"}],"wp:featuredmedia":[{"embeddable":true,"href":"https:\/\/olecanarias.com\/es\/wp-json\/wp\/v2\/media\/14949"}],"wp:attachment":[{"href":"https:\/\/olecanarias.com\/es\/wp-json\/wp\/v2\/media?parent=14942"}],"wp:term":[{"taxonomy":"product_brand","embeddable":true,"href":"https:\/\/olecanarias.com\/es\/wp-json\/wp\/v2\/product_brand?post=14942"},{"taxonomy":"product_cat","embeddable":true,"href":"https:\/\/olecanarias.com\/es\/wp-json\/wp\/v2\/product_cat?post=14942"},{"taxonomy":"product_tag","embeddable":true,"href":"https:\/\/olecanarias.com\/es\/wp-json\/wp\/v2\/product_tag?post=14942"}],"curies":[{"name":"wp","href":"https:\/\/api.w.org\/{rel}","templated":true}]}}